{"id":2,"date":"2017-01-02T12:58:19","date_gmt":"2017-01-02T12:58:19","guid":{"rendered":"http:\/\/ecoelte.ymanera.es\/?page_id=2"},"modified":"2021-06-04T11:49:18","modified_gmt":"2021-06-04T11:49:18","slug":"la-empresa","status":"publish","type":"page","link":"https:\/\/electricidadtenerife.com\/?page_id=2","title":{"rendered":"La Empresa"},"content":{"rendered":"<p>[et_pb_section fb_built=\u00bb1&#8243; admin_label=\u00bbsection\u00bb _builder_version=\u00bb3.22&#8243;][et_pb_row column_structure=\u00bb1_3,1_3,1_3&#8243; admin_label=\u00bbrow\u00bb _builder_version=\u00bb3.25&#8243; background_size=\u00bbinitial\u00bb background_position=\u00bbtop_left\u00bb background_repeat=\u00bbrepeat\u00bb][et_pb_column type=\u00bb1_3&#8243; _builder_version=\u00bb3.25&#8243; custom_padding=\u00bb|||\u00bb custom_padding__hover=\u00bb|||\u00bb][et_pb_text admin_label=\u00bbTexto\u00bb _builder_version=\u00bb4.9.4&#8243; background_size=\u00bbinitial\u00bb background_position=\u00bbtop_left\u00bb background_repeat=\u00bbrepeat\u00bb use_border_color=\u00bboff\u00bb border_color=\u00bb#ffffff\u00bb border_style=\u00bbsolid\u00bb]<\/p>\n<p class=\"p1\"><span class=\"s1\"><b>Electricidad Tenerife S.L. <\/b>es una empresa dedicada a la electricidad y a las instalaciones electricas en general, constitu\u00edda en el a\u00f1o 94 por un grupo humano con m\u00e1s de 20 a\u00f1os en el sector. Gracias a ello nuestra experiencia nos permite enfrentarnos con \u00e9xito al reto que representa para nosotros el comienzo de cada trabajo.<\/span><\/p>\n<p>[\/et_pb_text][\/et_pb_column][et_pb_column type=\u00bb1_3&#8243; _builder_version=\u00bb4.9.4&#8243; _module_preset=\u00bbdefault\u00bb][et_pb_text admin_label=\u00bbTexto\u00bb _builder_version=\u00bb4.9.4&#8243; background_size=\u00bbinitial\u00bb background_position=\u00bbtop_left\u00bb background_repeat=\u00bbrepeat\u00bb use_border_color=\u00bboff\u00bb border_color=\u00bb#ffffff\u00bb border_style=\u00bbsolid\u00bb]<\/p>\n<p class=\"p2\"><span class=\"s1\">Estamos convencidos, y trabajamos creyendo en ello, que la base de una buena empresa est\u00e1 el preparaci\u00f3n del personal. Nuestra amplia plantilla se adapta constantemente a las necesidades del mercado. La profesionalidad del mismo y el cont\u00ednuo reciclaje nos permite establecer una combinaci\u00f3n, a nuestro juicio perfecta, entre la experiencia y el ser punteros en el uso de los mejores medios del mercado. Tambi\u00e9n y gracias a nuestro constante af\u00e1n de superaci\u00f3n podemos garantizar a nuestros clientes siempre la mejor calidad.<\/span><\/p>\n<p>[\/et_pb_text][\/et_pb_column][et_pb_column type=\u00bb1_3&#8243; _builder_version=\u00bb3.25&#8243; custom_padding=\u00bb|||\u00bb custom_padding__hover=\u00bb|||\u00bb][et_pb_text admin_label=\u00bbTexto\u00bb _builder_version=\u00bb4.9.4&#8243; background_size=\u00bbinitial\u00bb background_position=\u00bbtop_left\u00bb background_repeat=\u00bbrepeat\u00bb use_border_color=\u00bboff\u00bb border_color=\u00bb#ffffff\u00bb border_style=\u00bbsolid\u00bb]<\/p>\n<p class=\"p3\"><span class=\"s2\">Al mismo tiempo la din\u00e1mica organizaci\u00f3n de nuestra empresa en la que tras un serio estudio establecemos la pautas a seguir en cada proyecto y la relaci\u00f3n con los mejores proveedores, nos asegura la optimizaci\u00f3n de nuestros recursos que repercute por tanto en un buen resultado y en el mejor precio para nuestros servicios.<\/span><\/p>\n<p>[\/et_pb_text][\/et_pb_column][\/et_pb_row][et_pb_row _builder_version=\u00bb4.9.4&#8243; _module_preset=\u00bbdefault\u00bb][et_pb_column type=\u00bb4_4&#8243; _builder_version=\u00bb4.9.4&#8243; _module_preset=\u00bbdefault\u00bb][et_pb_divider show_divider=\u00bboff\u00bb disabled_on=\u00bbon|on|off\u00bb admin_label=\u00bbSeparador\u00bb _builder_version=\u00bb3.23.4&#8243; height=\u00bb25px\u00bb hide_on_mobile=\u00bbon\u00bb] [\/et_pb_divider][et_pb_gallery gallery_ids=\u00bb106,205,122,123&#8243; show_title_and_caption=\u00bboff\u00bb show_pagination=\u00bboff\u00bb admin_label=\u00bbGaler\u00eda\u00bb _builder_version=\u00bb3.0.87&#8243; use_border_color=\u00bboff\u00bb border_color=\u00bb#ffffff\u00bb border_style=\u00bbsolid\u00bb] [\/et_pb_gallery][\/et_pb_column][\/et_pb_row][\/et_pb_section]<\/p>\n","protected":false},"excerpt":{"rendered":"<p>Electricidad Tenerife S.L. es una empresa dedicada a la electricidad y a las instalaciones electricas en general, constitu\u00edda en el a\u00f1o 94 por un grupo humano con m\u00e1s de 20 a\u00f1os en el sector. Gracias a ello nuestra experiencia nos permite enfrentarnos con \u00e9xito al reto que representa para nosotros el comienzo de cada trabajo.Estamos [&hellip;]<\/p>\n","protected":false},"author":1,"featured_media":750,"parent":0,"menu_order":0,"comment_status":"closed","ping_status":"closed","template":"","meta":{"_et_pb_use_builder":"on","_et_pb_old_content":"<p>[gallery columns=\"2\" size=\"medium\" link=\"file\" ids=\"105,106\"]<\/p><p class=\"p1\"><span class=\"s1\"><b>Electricidad Tenerife S.L. <\/b>es una empresa dedicada a la electricidad y a las instalaciones electricas en general, constitu\u00edda en el a\u00f1o 94 por un grupo humano con m\u00e1s de 20 a\u00f1os en el sector. Gracias a ello nuestra experiencia nos permite enfrentarnos con \u00e9xito al reto que representa para nosotros el comienzo de cada trabajo.<\/span><\/p><p class=\"p2\"><span class=\"s1\">Estamos convencidos, y trabajamos creyendo en ello, que la base de una buena empresa est\u00e1 el preparaci\u00f3n del personal. Nuestra amplia plantilla se adapta constantemente a las necesidades del mercado. La profesionalidad del mismo y el cont\u00ednuo reciclaje nos permite establecer una combinaci\u00f3n, a nuestro juicio perfecta, entre la experiencia y el ser punteros en el uso de los mejores medios del mercado. Tambi\u00e9n y gracias a nuestro constante af\u00e1n de superaci\u00f3n podemos garantizar a nuestros clientes siempre la mejor calidad.<\/span><\/p><p class=\"p3\"><span class=\"s2\">Al mismo tiempo la din\u00e1mica organizaci\u00f3n de nuestra empresa en la que tras un serio estudio establecemos la pautas a seguir en cada proyecto y la relaci\u00f3n con los mejores proveedores, nos asegura la optimizaci\u00f3n de nuestros recursos que repercute por tanto en un buen resultado y en el mejor precio para nuestros servicios.<\/span><\/p><p class=\"p1\"><span class=\"s1\">Contacte con Nosotros<\/span><\/p>","_et_gb_content_width":"","footnotes":""},"class_list":["post-2","page","type-page","status-publish","has-post-thumbnail","hentry"],"_links":{"self":[{"href":"https:\/\/electricidadtenerife.com\/index.php?rest_route=\/wp\/v2\/pages\/2","targetHints":{"allow":["GET"]}}],"collection":[{"href":"https:\/\/electricidadtenerife.com\/index.php?rest_route=\/wp\/v2\/pages"}],"about":[{"href":"https:\/\/electricidadtenerife.com\/index.php?rest_route=\/wp\/v2\/types\/page"}],"author":[{"embeddable":true,"href":"https:\/\/electricidadtenerife.com\/index.php?rest_route=\/wp\/v2\/users\/1"}],"replies":[{"embeddable":true,"href":"https:\/\/electricidadtenerife.com\/index.php?rest_route=%2Fwp%2Fv2%2Fcomments&post=2"}],"version-history":[{"count":5,"href":"https:\/\/electricidadtenerife.com\/index.php?rest_route=\/wp\/v2\/pages\/2\/revisions"}],"predecessor-version":[{"id":781,"href":"https:\/\/electricidadtenerife.com\/index.php?rest_route=\/wp\/v2\/pages\/2\/revisions\/781"}],"wp:featuredmedia":[{"embeddable":true,"href":"https:\/\/electricidadtenerife.com\/index.php?rest_route=\/wp\/v2\/media\/750"}],"wp:attachment":[{"href":"https:\/\/electricidadtenerife.com\/index.php?rest_route=%2Fwp%2Fv2%2Fmedia&parent=2"}],"curies":[{"name":"wp","href":"https:\/\/api.w.org\/{rel}","templated":true}]}}