{"id":392,"date":"2020-10-20T09:36:01","date_gmt":"2020-10-20T09:36:01","guid":{"rendered":"http:\/\/ecoelte.ymanera.es\/?page_id=392"},"modified":"2021-06-08T07:20:57","modified_gmt":"2021-06-08T07:20:57","slug":"politica-de-cookies","status":"publish","type":"page","link":"https:\/\/electricidadtenerife.com\/?page_id=392","title":{"rendered":"Pol\u00edtica de Cookies"},"content":{"rendered":"<p>[et_pb_section fb_built=\u00bb1&#8243; _builder_version=\u00bb4.4.4&#8243;][et_pb_row _builder_version=\u00bb4.4.4&#8243;][et_pb_column type=\u00bb4_4&#8243; _builder_version=\u00bb4.4.4&#8243;][et_pb_post_title meta=\u00bboff\u00bb featured_image=\u00bboff\u00bb _builder_version=\u00bb4.4.4&#8243; text_orientation=\u00bbcenter\u00bb][\/et_pb_post_title][et_pb_text _builder_version=\u00bb4.4.4&#8243;]<\/p>\n<h2>\u00bfQu\u00e9 es una cookie?<\/h2>\n<p>&nbsp;<\/p>\n<p><span style=\"font-size: 14px;\">Este sitio web utiliza cookies y\/o tecnolog\u00edas similares que almacenan y recuperan informaci\u00f3n cuando navegas. En general, estas tecnolog\u00edas pueden servir para finalidades muy diversas, como, por ejemplo, reconocerte como usuario, obtener informaci\u00f3n sobre tus h\u00e1bitos de navegaci\u00f3n, o personalizar la forma en que se muestra el contenido. Los usos concretos que hacemos de estas tecnolog\u00edas se describen a continuaci\u00f3n.<\/span><\/p>\n<p>&nbsp;<\/p>\n<h2>\u00bfQu\u00e9 tipos de cookies existen?<\/h2>\n<p>&nbsp;<\/p>\n<p><span style=\"font-size: 14px;\">Seg\u00fan quien realice la gesti\u00f3n hay:<\/span><\/p>\n<p>&nbsp;<\/p>\n<ul>\n<li><strong>Cookies propias: <\/strong>son aquellas que se env\u00edan al equipo terminal del usuario desde un equipo o dominio gestionado por el propio editor y desde el que se presta el servicio solicitado por el usuario.<span style=\"font-size: 14px;\">\u00a0<\/span><\/li>\n<li><strong style=\"font-size: 14px;\">Cookies de terceros: <\/strong><span style=\"font-size: 14px;\">son aquellas que se env\u00edan al equipo terminal del usuario desde un equipo o dominio que no es gestionado por el editor, sino por otra entidad que trata los datos obtenidos trav\u00e9s de las cookies.<\/span><\/li>\n<\/ul>\n<p>&nbsp;<\/p>\n<p><span style=\"font-size: 14px;\">Seg\u00fan el tipo de finalidad hay:<\/span><\/p>\n<p>&nbsp;<\/p>\n<ul>\n<li><strong>\u00a0<\/strong><strong>Cookies t\u00e9cnicas: <\/strong>Son aqu\u00e9llas que permiten al usuario la navegaci\u00f3n a trav\u00e9s de una p\u00e1gina web, plataforma o aplicaci\u00f3n y la utilizaci\u00f3n de las diferentes opciones\/servicios que existen en ella <em>(<\/em><em>por ejemplo: identificar una sesi\u00f3n, acceder a lugares de acceso restringido, recordar elementos que integran una compra, realizar el proceso de compra de un pedido, almacenar contenidos para la difusi\u00f3n de videos o sonido o compartir contenidos a trav\u00e9s de redes sociales, etc.<\/em><em>).<\/em><\/li>\n<li><strong style=\"font-size: 14px;\">Anal\u00edticas<\/strong><span style=\"font-size: 14px;\">: son aquellas que, tratadas por nosotros o por terceros, nos permiten cuantificar el n\u00famero de usuarios y as\u00ed realizar la medici\u00f3n y an\u00e1lisis estad\u00edstico de la utilizaci\u00f3n que hacen los usuarios del servicio ofertado. Para ello se analiza su navegaci\u00f3n en nuestra p\u00e1gina web con el fin de mejorar la oferta de productos o servicios que le ofrecemos<\/span><\/li>\n<li><strong style=\"font-size: 14px;\">Cookies de preferencias o personalizaci\u00f3n: <\/strong><span style=\"font-size: 14px;\">Las cookies de personalizaci\u00f3n son las que permiten recordar las preferencias de los usuarios cuando navegan en una web que ya han visitado. Por ejemplo permiten recordar el idioma preferido de uso de la web, la regi\u00f3n en la cual se encuentra el usuario para proponerle contenido adecuado, o tambi\u00e9n el tipo de navegador a trav\u00e9s del cual acceder a un servicio concreto etc. Las cookies de preferencias son tambi\u00e9n las que permiten cambiar el tama\u00f1o del texto, la fuente o las otras partes de las p\u00e1ginas web que se pueden personalizar.\u00a0El objetivo de las cookies de personalizaci\u00f3n es ofrecer a los usuarios una navegaci\u00f3n m\u00e1s f\u00e1cil, fluida y personalizada.<\/span><\/li>\n<li><strong style=\"font-size: 14px;\">Cookies de redes sociales y otros plugings<\/strong><span style=\"font-size: 14px;\">: Estas cookies permiten a los usuarios interactuar con el contenido de un sitio web en las redes sociales como Facebook, Twitter, YouTube etc. Un ejemplo del uso de esta cookie seria compartir un sitio en Facebook o hacer clic en \u201cMe gusta\u201d. Las condiciones de uso y la informaci\u00f3n recopilada de estas cookies est\u00e1n reguladas por las propias plataformas sociales.<\/span><\/li>\n<li><em style=\"font-size: 14px;\"><strong>Cookies publicitarias<\/strong><\/em><em style=\"font-size: 14px;\">:<\/em><em style=\"font-size: 14px;\"><\/em><span style=\"font-size: 14px;\">Son aquellas que permiten la gesti\u00f3n, de la forma m\u00e1s eficaz posible, de los espacios publicitarios que, en su caso, el editor haya incluido en una p\u00e1gina web, aplicaci\u00f3n o plataforma desde la que presta el servicio solicitado en base a criterios como el contenido editado o la frecuencia en la que se muestran los anuncios.<\/span><\/li>\n<li><strong style=\"font-size: 14px;\">Publicitarias comportamentales<\/strong><span style=\"font-size: 14px;\">: son aquellas que, tratadas por nosotros o por terceros, nos permiten analizar sus h\u00e1bitos de navegaci\u00f3n en Internet para que podamos mostrarle publicidad relacionada con su perfil de navegaci\u00f3n.<\/span><\/li>\n<\/ul>\n<p>&nbsp;<\/p>\n<p>Seg\u00fan el plazo de tiempo que permanecen activas:<\/p>\n<p>&nbsp;<\/p>\n<ul>\n<li><strong style=\"font-size: 14px;\">Cookies de sesi\u00f3n:<\/strong><span style=\"font-size: 14px;\"> son aquellas dise\u00f1adas para recabar y almacenar datos mientras el usuario accede a una p\u00e1gina web. Se suelen emplear para almacenar informaci\u00f3n que solo interesa conservar para la prestaci\u00f3n del servicio solicitado por el usuario en una sola ocasi\u00f3n (por ejemplo, una lista de productos adquiridos) y desaparecen al terminar la sesi\u00f3n.<\/span><\/li>\n<li><strong style=\"font-size: 14px;\">Cookies persistentes:<\/strong><span style=\"font-size: 14px;\"> son aquellas en las que los datos siguen almacenados en el terminal y pueden ser accedidos y tratados durante un periodo definido por el responsable de la cookie, y que puede ir de unos minutos a varios a\u00f1os.<\/span><\/li>\n<\/ul>\n<p>&nbsp;<\/p>\n<h3>Niveles de intromisi\u00f3n asociados a las cookies que usamos<\/h3>\n<p>&nbsp;<\/p>\n<p><span style=\"font-size: 14px;\">Las cookies incorporan un criterio de \u00abnivel de intrusi\u00f3n\u00bb apoyado en una escala del 1 al 3, en la que:<\/span><\/p>\n<p>&nbsp;<\/p>\n<p><span style=\"font-size: 14px;\"><strong>Nivel 1<\/strong><\/span><span style=\"font-size: 14px;\">: Se corresponde con cookies de uso interno imprescindibles para la prestaci\u00f3n del propio servicio solicitado por el usuario.<\/span><\/p>\n<p>&nbsp;<\/p>\n<p><span style=\"font-size: 14px;\"><strong>Nivel 2<\/strong><\/span><span style=\"font-size: 14px;\">: Se corresponde con cookies an\u00f3nimas de uso interno necesarias para el mantenimiento de contenidos y navegaci\u00f3n, as\u00ed como a cookies gestionadas por terceros en el marco de servicios solicitados expresamente por el usuario en las webs de aquellos (ej.: Complementos Sociales de Facebook Twitter o Linkedin, v\u00eddeos incrustados, mapas).<\/span><\/p>\n<p>&nbsp;<\/p>\n<p><span style=\"font-size: 14px;\"><strong>Nivel 3<\/strong><\/span><span style=\"font-size: 14px;\">:\u00a0Se corresponde con cookies gestionadas por terceros en el marco de servicios no solicitados expresamente por el usuario, permitiendo su seguimiento a trav\u00e9s de webs de las que nuestra web no es titular (ej.: plataformas de gesti\u00f3n de publicidad gr\u00e1fica). La especificaci\u00f3n de este nivel viene acompa\u00f1ada de su titular. El uso de cookies de nivel 3 est\u00e1 sujeto al permiso previo del usuario mediante confirmaci\u00f3n expresa de su aceptaci\u00f3n.<\/span><\/p>\n<p>&nbsp;<\/p>\n<h3>Recogida de su consentimiento expreso para la instalaci\u00f3n de las cookies<\/h3>\n<p>&nbsp;<\/p>\n<p><span style=\"font-size: 14px;\">De conformidad con la pol\u00edtica de cookies de este sitio web, el usuario o visitante del mismo, al navegar por la web, consiente expresamente la instalaci\u00f3n y el uso de las cookies que se describen a continuaci\u00f3n, excepto en la medida en que haya modificado la configuraci\u00f3n de su navegador para rechazar la utilizaci\u00f3n de las mismas y\/o haya configurado el Pop-Up de este sitio web para rechazar o aceptar expresamente la instalaci\u00f3n de determinados tipos de cookies.<\/span><\/p>\n<p>&nbsp;<\/p>\n<p><span style=\"font-size: 14px;\">La relaci\u00f3n de <\/span><span style=\"font-size: 14px;\">cookies<\/span><span style=\"font-size: 14px;\"> de https:\/\/electricidadtenerife.com\/ se recoge en la siguiente tabla:<\/span><\/p>\n<p>&nbsp;<\/p>\n<table width=\"665\">\n<tbody>\n<tr>\n<td width=\"85\">\n<p>TIPO DE COOKIE<\/p>\n<\/td>\n<td width=\"180\">\n<p>GESTOR<\/p>\n<\/td>\n<td width=\"125\">\n<p>COOKIE<\/p>\n<\/td>\n<td width=\"76\">\n<p>DURACI\u00d3N<\/p>\n<\/td>\n<td width=\"200\">\n<p>FINALIDAD<\/p>\n<\/td>\n<\/tr>\n<tr>\n<td width=\"85\">\n<p><strong>T\u00c9CNICAS <\/strong><\/p>\n<\/td>\n<td width=\"180\">\n<p>www.electricidadtenerife.com<\/p>\n<\/td>\n<td width=\"125\">\n<p>moove_gdpr_popup<\/p>\n<\/td>\n<td width=\"76\">\n<p>Persistente, 1 a\u00f1o<\/p>\n<\/td>\n<td width=\"200\">\n<p>Recuerda la preferencia de cookies de un usuario y el consentimiento otorgado o retirado para el sitio web actual<\/p>\n<\/td>\n<\/tr>\n<\/tbody>\n<\/table>\n<p>&nbsp;<\/p>\n<p>&nbsp;<\/p>\n<p>&nbsp;<\/p>\n<h2>Cookies: configuraci\u00f3n navegadores<\/h2>\n<p>&nbsp;<\/p>\n<p><span style=\"font-size: 14px;\">Esta es una peque\u00f1a gu\u00eda gr\u00e1fica para configurar nuestras preferencias con respecto a las cookies, en los distintos navegadores, en sus \u00faltimas versiones.<\/span><\/p>\n<p>&nbsp;<\/p>\n<p><strong style=\"font-size: 14px;\"><u>FIREFOX VERSI\u00d3N 25.<\/u><\/strong><\/p>\n<p>&nbsp;<\/p>\n<p><span style=\"font-size: 14px;\">Accedemos al men\u00fa \u201cOpciones\u201d, \u201cprivacidad\u201d, y aparece \u201cRecordar historial\u201d. Debemos marcar \u201cUsar una configuraci\u00f3n personalizada para el historial\u201d, y desactivar \u201cAceptar cookies\u201d. O \u201cAceptar cookies\u201d con la opci\u00f3n \u201cpreguntar siempre\u201d. M\u00e1s informaci\u00f3n en soporte online de Firefox.<\/span><\/p>\n<p>&nbsp;<\/p>\n<p><strong style=\"font-size: 14px;\"><u>GOOGLE CHROME 31.<\/u><\/strong><\/p>\n<p>&nbsp;<\/p>\n<p><span style=\"font-size: 14px;\">Accedemos a \u201cConfiguraci\u00f3n\u201d, \u201cMostrar opciones avanzadas\u201d, \u201cPrivacidad\u201d, \u201cConfiguraci\u00f3n de contenido\u201d. O copiar en la barra de direcciones \u201cchrome:\/\/chrome\/settings\/content\u201d. Por defecto aparece marcado \u201cPermitir que se almacenen datos locales (recomendado)\u201d. Para no permitir las cookies, habr\u00e1 que cambia a la opci\u00f3n \u201cNo permitir que se guarden datos de los sitios\u201d.<\/span><\/p>\n<p>&nbsp;<\/p>\n<p><strong style=\"font-size: 14px;\"><u>INTERNET EXPLORER 10.<\/u><\/strong><\/p>\n<p>&nbsp;<\/p>\n<p><span style=\"font-size: 14px;\">En \u201cOpciones de Internet\u201d, pesta\u00f1a \u201cPrivacidad\u201d, tiene como opci\u00f3n predeterminada \u201cMedia\u201d, que bloquea algunas cookies de terceros y restringe algunas cookies de terceros.<\/span><\/p>\n<p>&nbsp;<\/p>\n<p><strong style=\"font-size: 14px;\"><u>SAFARI 5 (WINDOWS).<\/u><\/strong><\/p>\n<p>&nbsp;<\/p>\n<p><span style=\"font-size: 14px;\">En el men\u00fa \u201cHerramientas\u201d, \u201cPreferencias\u201d, podemos ver que tiene activado por defecto \u201cde publicidad y terceros\u201d. Para impedir la instalaci\u00f3n de cookies, tendremos que cambiar a la opci\u00f3n \u201cnunca\u201d.<\/span><\/p>\n<p>&nbsp;<\/p>\n<p><strong style=\"font-size: 14px;\"><u>OPERA 12.<\/u><\/strong><\/p>\n<p>&nbsp;<\/p>\n<p><span style=\"font-size: 14px;\">En el men\u00fa, \u201cConfiguraci\u00f3n\u201d, \u201cOpciones\u201d, en la pesta\u00f1a \u201cAvanzado\u201d, apartado \u201cCookies\u201d. Por defecto viene activada la opci\u00f3n \u201cAceptar cookies\u201d. Para poder bloquear cookies de terceros podemos marcar la opci\u00f3n \u201caceptar cookies solo del sitio visitado\u201d, o bloquear con la opci\u00f3n \u201cNo aceptar cookies nunca\u201d.<\/span><\/p>\n<p>&nbsp;<\/p>\n<table>\n<tbody>\n<tr>\n<td colspan=\"2\" width=\"592\"><b><i>Para m\u00e1s informaci\u00f3n sobre su pol\u00edtica de privacidad haciendo clic sobre ellos:<\/i><\/b><\/td>\n<\/tr>\n<tr>\n<td width=\"296\"><b><i><a href=\"http:\/\/support.google.com\/chrome\/bin\/answer.py?hl=es&amp;answer=95647\">Chrome<\/a><\/i><\/b><\/td>\n<td width=\"296\"><b><i><a href=\"https:\/\/vimeo.com\/cookie_policy\">Vimeo<\/a><\/i><\/b><\/td>\n<\/tr>\n<tr>\n<td width=\"296\"><b><i><a href=\"http:\/\/support.mozilla.org\/es\/kb\/configuracion-de-la-privacidad-el-historial-de-nav?redirectlocale=es&amp;as=u&amp;redirectslug=Ventana+Opciones+-+Panel+Privacidad#w_rastrear\">Firefox<\/a><\/i><\/b><\/td>\n<td width=\"296\"><b><i><a href=\"https:\/\/help.twitter.com\/es\/rules-and-policies\/twitter-cookies\">Twitter<\/a><\/i><\/b><\/td>\n<\/tr>\n<tr>\n<td width=\"296\"><b><i><a href=\"http:\/\/windows.microsoft.com\/es-xl\/internet-explorer\/delete-manage-cookies#ie=ie-11\">Internet Explorer<\/a><\/i><\/b><\/td>\n<td width=\"296\"><b><i><a href=\"https:\/\/www.linkedin.com\/legal\/cookie-policy?_l=es_ES\">Linkedin<\/a><\/i><\/b><\/td>\n<\/tr>\n<tr>\n<td width=\"296\"><b><i><a href=\"c:\\Users\\j\\Desktop\\Cookies%20http:\\help.opera.com\\Windows\\12.10\\es-ES\\cookies.HTML\">Opera<\/a><\/i><\/b><\/td>\n<td width=\"296\"><b><i><a href=\"https:\/\/policy.pinterest.com\/es\/cookies\">Pinterest<\/a><\/i><\/b><\/td>\n<\/tr>\n<tr>\n<td width=\"296\"><b><i><a href=\"http:\/\/support.apple.com\/kb\/PH5042\">Safari<\/a><\/i><\/b><\/td>\n<td width=\"296\"><b><i><a href=\"https:\/\/es-la.facebook.com\/msqrd\/privacy\">Facebook<\/a><\/i><\/b><\/td>\n<\/tr>\n<tr>\n<td width=\"296\"><b><i><a href=\"https:\/\/support.microsoft.com\/es-es\/help\/11696\/windows-phone-7\">Internet explorer (Windows Phone)<\/a><\/i><\/b><\/td>\n<td width=\"296\"><b><i><a href=\"https:\/\/es-la.facebook.com\/help\/instagram\/402411646841720\">Instagram<\/a><\/i><\/b><\/td>\n<\/tr>\n<tr>\n<td width=\"296\"><b><i><a href=\"https:\/\/support.apple.com\/es-es\/HT201265\">Safari para IOS (Iphone y Ipad)<\/a><\/i><\/b><\/td>\n<td width=\"296\"><b><i><a href=\"https:\/\/policies.google.com\/privacy\">Youtube<\/a><\/i><\/b><\/td>\n<\/tr>\n<tr>\n<td width=\"296\"><b><i><a href=\"https:\/\/support.google.com\/chrome\/answer\/114662?hl=es&amp;visit_id=637169321630868010-2991667422&amp;rd=1\">Chrome para Android<\/a><\/i><\/b><\/td>\n<td width=\"296\"><b><i>\u00a0<\/i><\/b><\/td>\n<\/tr>\n<\/tbody>\n<\/table>\n<p>&nbsp;<\/p>\n<p>[\/et_pb_text][\/et_pb_column][\/et_pb_row][\/et_pb_section]<\/p>\n","protected":false},"excerpt":{"rendered":"<p>\u00bfQu\u00e9 es una cookie? &nbsp; Este sitio web utiliza cookies y\/o tecnolog\u00edas similares que almacenan y recuperan informaci\u00f3n cuando navegas. En general, estas tecnolog\u00edas pueden servir para finalidades muy diversas, como, por ejemplo, reconocerte como usuario, obtener informaci\u00f3n sobre tus h\u00e1bitos de navegaci\u00f3n, o personalizar la forma en que se muestra el contenido. Los usos [&hellip;]<\/p>\n","protected":false},"author":1,"featured_media":713,"parent":0,"menu_order":0,"comment_status":"closed","ping_status":"closed","template":"","meta":{"_et_pb_use_builder":"on","_et_pb_old_content":"","_et_gb_content_width":"","footnotes":""},"class_list":["post-392","page","type-page","status-publish","has-post-thumbnail","hentry"],"_links":{"self":[{"href":"https:\/\/electricidadtenerife.com\/index.php?rest_route=\/wp\/v2\/pages\/392","targetHints":{"allow":["GET"]}}],"collection":[{"href":"https:\/\/electricidadtenerife.com\/index.php?rest_route=\/wp\/v2\/pages"}],"about":[{"href":"https:\/\/electricidadtenerife.com\/index.php?rest_route=\/wp\/v2\/types\/page"}],"author":[{"embeddable":true,"href":"https:\/\/electricidadtenerife.com\/index.php?rest_route=\/wp\/v2\/users\/1"}],"replies":[{"embeddable":true,"href":"https:\/\/electricidadtenerife.com\/index.php?rest_route=%2Fwp%2Fv2%2Fcomments&post=392"}],"version-history":[{"count":5,"href":"https:\/\/electricidadtenerife.com\/index.php?rest_route=\/wp\/v2\/pages\/392\/revisions"}],"predecessor-version":[{"id":405,"href":"https:\/\/electricidadtenerife.com\/index.php?rest_route=\/wp\/v2\/pages\/392\/revisions\/405"}],"wp:featuredmedia":[{"embeddable":true,"href":"https:\/\/electricidadtenerife.com\/index.php?rest_route=\/wp\/v2\/media\/713"}],"wp:attachment":[{"href":"https:\/\/electricidadtenerife.com\/index.php?rest_route=%2Fwp%2Fv2%2Fmedia&parent=392"}],"curies":[{"name":"wp","href":"https:\/\/api.w.org\/{rel}","templated":true}]}}