{"id":55,"date":"2017-01-02T13:46:01","date_gmt":"2017-01-02T13:46:01","guid":{"rendered":"http:\/\/ecoelte.ymanera.es\/?page_id=55"},"modified":"2025-05-28T07:51:52","modified_gmt":"2025-05-28T07:51:52","slug":"vision-y-mision","status":"publish","type":"page","link":"https:\/\/electricidadtenerife.com\/?page_id=55","title":{"rendered":"Visi\u00f3n y Misi\u00f3n"},"content":{"rendered":"<p>[et_pb_section fb_built=\u00bb1&#8243; admin_label=\u00bbsection\u00bb _builder_version=\u00bb4.16&#8243; global_colors_info=\u00bb{}\u00bb theme_builder_area=\u00bbpost_content\u00bb][et_pb_row column_structure=\u00bb1_2,1_2&#8243; admin_label=\u00bbrow\u00bb _builder_version=\u00bb4.16&#8243; background_size=\u00bbinitial\u00bb background_position=\u00bbtop_left\u00bb background_repeat=\u00bbrepeat\u00bb global_colors_info=\u00bb{}\u00bb theme_builder_area=\u00bbpost_content\u00bb][et_pb_column type=\u00bb1_2&#8243; _builder_version=\u00bb4.16&#8243; custom_padding=\u00bb|||\u00bb global_colors_info=\u00bb{}\u00bb custom_padding__hover=\u00bb|||\u00bb theme_builder_area=\u00bbpost_content\u00bb][et_pb_blurb title=\u00bbVisi\u00f3n\u00bb use_icon=\u00bbon\u00bb font_icon=\u00bb&#xf06e;||fa||900&#8243; image_icon_width=\u00bb50px\u00bb admin_label=\u00bbAnuncio\u00bb _builder_version=\u00bb4.27.4&#8243; background_size=\u00bbinitial\u00bb background_position=\u00bbtop_left\u00bb background_repeat=\u00bbrepeat\u00bb text_orientation=\u00bbcenter\u00bb hover_enabled=\u00bb0&#8243; use_border_color=\u00bboff\u00bb border_color=\u00bb#ffffff\u00bb border_style=\u00bbsolid\u00bb icon_font_size=\u00bb50px\u00bb global_colors_info=\u00bb{}\u00bb theme_builder_area=\u00bbpost_content\u00bb sticky_enabled=\u00bb0&#8243;]<\/p>\n<p style=\"font-weight: 400;\">Ser el referente en Tenerife para instalaciones el\u00e9ctricas y de telecomunicaciones, reconocido por la calidad, la seguridad y la confianza que generamos en cada proyecto.<\/p>\n<p>[\/et_pb_blurb][\/et_pb_column][et_pb_column type=\u00bb1_2&#8243; _builder_version=\u00bb4.16&#8243; custom_padding=\u00bb|||\u00bb global_colors_info=\u00bb{}\u00bb custom_padding__hover=\u00bb|||\u00bb theme_builder_area=\u00bbpost_content\u00bb][et_pb_blurb title=\u00bbMisi\u00f3n\u00bb use_icon=\u00bbon\u00bb font_icon=\u00bb&#xf1d8;||fa||900&#8243; image_icon_width=\u00bb50px\u00bb admin_label=\u00bbAnuncio\u00bb _builder_version=\u00bb4.27.4&#8243; background_size=\u00bbinitial\u00bb background_position=\u00bbtop_left\u00bb background_repeat=\u00bbrepeat\u00bb text_orientation=\u00bbcenter\u00bb hover_enabled=\u00bb0&#8243; use_border_color=\u00bboff\u00bb border_color=\u00bb#ffffff\u00bb border_style=\u00bbsolid\u00bb icon_font_size=\u00bb50px\u00bb global_colors_info=\u00bb{}\u00bb theme_builder_area=\u00bbpost_content\u00bb sticky_enabled=\u00bb0&#8243;]<\/p>\n<p style=\"font-weight: 400;\">Dise\u00f1ar, ejecutar y mantener soluciones el\u00e9ctricas y de telecomunicaciones que superen los requisitos legales, mediante formaci\u00f3n continua, mejora constante y un compromiso firme con la satisfacci\u00f3n del cliente, el respeto al medio ambiente y la prevenci\u00f3n de riesgos.<\/p>\n<p>[\/et_pb_blurb][\/et_pb_column][\/et_pb_row][\/et_pb_section]<\/p>\n","protected":false},"excerpt":{"rendered":"<p>Ser el referente en Tenerife para instalaciones el\u00e9ctricas y de telecomunicaciones, reconocido por la calidad, la seguridad y la confianza que generamos en cada proyecto.Dise\u00f1ar, ejecutar y mantener soluciones el\u00e9ctricas y de telecomunicaciones que superen los requisitos legales, mediante formaci\u00f3n continua, mejora constante y un compromiso firme con la satisfacci\u00f3n del cliente, el respeto al [&hellip;]<\/p>\n","protected":false},"author":1,"featured_media":723,"parent":0,"menu_order":0,"comment_status":"closed","ping_status":"closed","template":"","meta":{"_et_pb_use_builder":"on","_et_pb_old_content":"<h2 class=\"p1\"><span class=\"s1\">NUESTRA VISI\u00d3N<\/span><\/h2><p class=\"p2\"><span class=\"s1\">Es de ser conocidos en la Isla de Tenerife en cuanto a calidad de ejecuci\u00f3n y profesionalidad de nuestros servicios, en el sector de Instalaciones y Mantenimiento el\u00e9ctrico en Baja y Media Tensi\u00f3n<b>, <\/b>as\u00ed como en las instalaciones de telecomunicaciones en la edificaci\u00f3n.<\/span><\/p><h2 class=\"p2\"><span class=\"s1\">NUESTRA MISI\u00d3N<\/span><\/h2><p class=\"p3\"><span class=\"s2\">Es ofrecer servicios directos y personalizados, estableciendo una relaci\u00f3n fluida, honesta y a largo plazo.<\/span><\/p>","_et_gb_content_width":"","footnotes":""},"class_list":["post-55","page","type-page","status-publish","has-post-thumbnail","hentry"],"_links":{"self":[{"href":"https:\/\/electricidadtenerife.com\/index.php?rest_route=\/wp\/v2\/pages\/55","targetHints":{"allow":["GET"]}}],"collection":[{"href":"https:\/\/electricidadtenerife.com\/index.php?rest_route=\/wp\/v2\/pages"}],"about":[{"href":"https:\/\/electricidadtenerife.com\/index.php?rest_route=\/wp\/v2\/types\/page"}],"author":[{"embeddable":true,"href":"https:\/\/electricidadtenerife.com\/index.php?rest_route=\/wp\/v2\/users\/1"}],"replies":[{"embeddable":true,"href":"https:\/\/electricidadtenerife.com\/index.php?rest_route=%2Fwp%2Fv2%2Fcomments&post=55"}],"version-history":[{"count":6,"href":"https:\/\/electricidadtenerife.com\/index.php?rest_route=\/wp\/v2\/pages\/55\/revisions"}],"predecessor-version":[{"id":978,"href":"https:\/\/electricidadtenerife.com\/index.php?rest_route=\/wp\/v2\/pages\/55\/revisions\/978"}],"wp:featuredmedia":[{"embeddable":true,"href":"https:\/\/electricidadtenerife.com\/index.php?rest_route=\/wp\/v2\/media\/723"}],"wp:attachment":[{"href":"https:\/\/electricidadtenerife.com\/index.php?rest_route=%2Fwp%2Fv2%2Fmedia&parent=55"}],"curies":[{"name":"wp","href":"https:\/\/api.w.org\/{rel}","templated":true}]}}