{"id":57,"date":"2017-01-02T13:46:40","date_gmt":"2017-01-02T13:46:40","guid":{"rendered":"http:\/\/ecoelte.ymanera.es\/?page_id=57"},"modified":"2025-04-25T06:43:40","modified_gmt":"2025-04-25T06:43:40","slug":"politica","status":"publish","type":"page","link":"https:\/\/electricidadtenerife.com\/?page_id=57","title":{"rendered":"Pol\u00edtica"},"content":{"rendered":"<p>[et_pb_section fb_built=\u00bb1&#8243; admin_label=\u00bbsection\u00bb _builder_version=\u00bb4.16&#8243; global_colors_info=\u00bb{}\u00bb theme_builder_area=\u00bbpost_content\u00bb][et_pb_row column_structure=\u00bb2_5,3_5&#8243; admin_label=\u00bbrow\u00bb _builder_version=\u00bb4.16&#8243; background_size=\u00bbinitial\u00bb background_position=\u00bbtop_left\u00bb background_repeat=\u00bbrepeat\u00bb width=\u00bb100%\u00bb global_colors_info=\u00bb{}\u00bb theme_builder_area=\u00bbpost_content\u00bb][et_pb_column type=\u00bb2_5&#8243; _builder_version=\u00bb4.16&#8243; custom_padding=\u00bb|||\u00bb global_colors_info=\u00bb{}\u00bb custom_padding__hover=\u00bb|||\u00bb theme_builder_area=\u00bbpost_content\u00bb][et_pb_image src=\u00bbhttps:\/\/electricidadtenerife.com\/wp-content\/uploads\/2024\/12\/Marca-Electricidad-Tenerife-Apilada-1.png\u00bb title_text=\u00bbMarca Electricidad Tenerife Apilada 1&#8243; _builder_version=\u00bb4.27.4&#8243; _module_preset=\u00bbdefault\u00bb sticky_position=\u00bbtop\u00bb sticky_offset_top=\u00bb27px\u00bb sticky_offset_surrounding=\u00bboff\u00bb sticky_transition=\u00bboff\u00bb scroll_vertical_motion_enable=\u00bbon\u00bb hover_enabled=\u00bb0&#8243; global_colors_info=\u00bb{}\u00bb theme_builder_area=\u00bbpost_content\u00bb sticky_enabled=\u00bb0&#8243;][\/et_pb_image][\/et_pb_column][et_pb_column type=\u00bb3_5&#8243; _builder_version=\u00bb4.16&#8243; custom_padding=\u00bb|||\u00bb global_colors_info=\u00bb{}\u00bb custom_padding__hover=\u00bb|||\u00bb theme_builder_area=\u00bbpost_content\u00bb][et_pb_text admin_label=\u00bbTexto\u00bb _builder_version=\u00bb4.16&#8243; background_size=\u00bbinitial\u00bb background_position=\u00bbtop_left\u00bb background_repeat=\u00bbrepeat\u00bb text_orientation=\u00bbjustified\u00bb use_border_color=\u00bboff\u00bb border_color=\u00bb#ffffff\u00bb border_style=\u00bbsolid\u00bb global_colors_info=\u00bb{}\u00bb theme_builder_area=\u00bbpost_content\u00bb]<\/p>\n<p class=\"p1\"><b><\/b><span class=\"s1\">ELECTRICIDAD TENERIFE dentro de su compromiso con la calidad en la gesti\u00f3n y en el af\u00e1n constante de superaci\u00f3n que conlleva aunar esfuerzos, tanto en la implicaci\u00f3n de los recursos humanos como en el uso de los mejores medios t\u00e9cnicos, ha orientado todos sus procesos con el objetivo com\u00fan de satisfacer plenamente a nuestros clientes.<\/span><\/p>\n<p class=\"p2\"><span class=\"s1\">Para ello, basamos nuestra estrategia en un continuo apoyo en la formaci\u00f3n y reciclaje de\u00a0 nuestro personal, lo que nos permite la flexibilidad necesaria para adaptarnos a los continuos cambios del mercado. Ello, en combinaci\u00f3n con el cumplimiento de los requisitos legales y reglamentarios aplicables, de los clientes y partes interesadas; la mutua colaboraci\u00f3n con nuestros proveedores, la revisi\u00f3n y adecuaci\u00f3n de nuestros procesos en busca de la mejora continua y el cumplimiento de los plazos de entrega, son los pilares b\u00e1sicos donde fundamentamos un excelente servicio al mejor coste y competitividad para nuestros clientes.<\/span><\/p>\n<p class=\"p2\"><span class=\"s1\">Esta continua evaluaci\u00f3n de nuestros procesos de gesti\u00f3n de la calidad, personas y equipos como fuente de la mejora continua, nos hace crecer y fortalecer como empresa din\u00e1mica y garant\u00eda de futuro.<\/span><\/p>\n<p class=\"p2\"><span class=\"s1\">El despliegue de esta Pol\u00edtica se har\u00e1 a trav\u00e9s el an\u00e1lisis continuo de los riesgos de la organizaci\u00f3n y el conocimiento del contexto externo e interno en el que se sit\u00faa, de la idoneidad del plan estrat\u00e9gico de la organizaci\u00f3n y de los consiguientes objetivos, que aseguren la eficacia y eficiencia de todas nuestras actividades, aplicando la gesti\u00f3n por procesos y estableciendo un cuadro de mando que facilite la medici\u00f3n del rendimiento.<\/span><\/p>\n<p class=\"p2\"><span class=\"s1\">El desarrollo, aplicaci\u00f3n, revisi\u00f3n y mejora de la Pol\u00edtica de Calidad, es una tarea que nos compete a todos, y se encuentra a disposici\u00f3n de las partes interesadas, as\u00ed como de aquellos que la soliciten<\/span><\/p>\n<p class=\"p3\"><span class=\"s1\"><b>\u00a0<\/b><\/span><span class=\"s2\"><b>Direcci\u00f3n Gerente<\/b><\/span><\/p>\n<p>[\/et_pb_text][\/et_pb_column][\/et_pb_row][\/et_pb_section]<\/p>\n","protected":false},"excerpt":{"rendered":"<p>ELECTRICIDAD TENERIFE dentro de su compromiso con la calidad en la gesti\u00f3n y en el af\u00e1n constante de superaci\u00f3n que conlleva aunar esfuerzos, tanto en la implicaci\u00f3n de los recursos humanos como en el uso de los mejores medios t\u00e9cnicos, ha orientado todos sus procesos con el objetivo com\u00fan de satisfacer plenamente a nuestros clientes. [&hellip;]<\/p>\n","protected":false},"author":1,"featured_media":714,"parent":0,"menu_order":0,"comment_status":"closed","ping_status":"closed","template":"","meta":{"_et_pb_use_builder":"on","_et_pb_old_content":"<p class=\"p1\"><b><\/b><span class=\"s1\">ELECTRICIDAD TENERIFE dentro de su compromiso con la calidad en la gesti\u00f3n y en el af\u00e1n constante de superaci\u00f3n que conlleva aunar esfuerzos, tanto en la implicaci\u00f3n de los recursos humanos como en el uso de los mejores medios t\u00e9cnicos, ha orientado todos sus procesos con el objetivo com\u00fan de satisfacer plenamente a nuestros clientes.<\/span><\/p><p class=\"p2\"><span class=\"s1\">Para ello, basamos nuestra estrategia en un continuo apoyo en la formaci\u00f3n y reciclaje de\u00a0 nuestro personal, lo que nos permite la flexibilidad necesaria para adaptarnos a los continuos cambios del mercado. Ello, en combinaci\u00f3n con el cumplimiento de los requisitos legales y reglamentarios aplicables, de los clientes y partes interesadas; la mutua colaboraci\u00f3n con nuestros proveedores, la revisi\u00f3n y adecuaci\u00f3n de nuestros procesos en busca de la mejora continua y el cumplimiento de los plazos de entrega, son los pilares b\u00e1sicos donde fundamentamos un excelente servicio al mejor coste y competitividad para nuestros clientes.<\/span><\/p><p class=\"p2\"><span class=\"s1\">Esta continua evaluaci\u00f3n de nuestros procesos de gesti\u00f3n de la calidad, personas y equipos como fuente de la mejora continua, nos hace crecer y fortalecer como empresa din\u00e1mica y garant\u00eda de futuro.<\/span><\/p><p class=\"p2\"><span class=\"s1\">El despliegue de esta Pol\u00edtica se har\u00e1 a trav\u00e9s el an\u00e1lisis continuo de los riesgos de la organizaci\u00f3n y el conocimiento del contexto externo e interno en el que se sit\u00faa, de la idoneidad del plan estrat\u00e9gico de la organizaci\u00f3n y de los consiguientes objetivos, que aseguren la eficacia y eficiencia de todas nuestras actividades, aplicando la gesti\u00f3n por procesos y estableciendo un cuadro de mando que facilite la medici\u00f3n del rendimiento.<\/span><\/p><p class=\"p2\"><span class=\"s1\">El desarrollo, aplicaci\u00f3n, revisi\u00f3n y mejora de la Pol\u00edtica de Calidad, es una tarea que nos compete a todos, y se encuentra a disposici\u00f3n de las partes interesadas, as\u00ed como de aquellos que la soliciten<\/span><\/p><p class=\"p3\"><span class=\"s1\"><b>\u00a0<\/b><\/span><span class=\"s2\"><b>Direcci\u00f3n Gerente<\/b><\/span><\/p>","_et_gb_content_width":"","footnotes":""},"class_list":["post-57","page","type-page","status-publish","has-post-thumbnail","hentry"],"_links":{"self":[{"href":"https:\/\/electricidadtenerife.com\/index.php?rest_route=\/wp\/v2\/pages\/57","targetHints":{"allow":["GET"]}}],"collection":[{"href":"https:\/\/electricidadtenerife.com\/index.php?rest_route=\/wp\/v2\/pages"}],"about":[{"href":"https:\/\/electricidadtenerife.com\/index.php?rest_route=\/wp\/v2\/types\/page"}],"author":[{"embeddable":true,"href":"https:\/\/electricidadtenerife.com\/index.php?rest_route=\/wp\/v2\/users\/1"}],"replies":[{"embeddable":true,"href":"https:\/\/electricidadtenerife.com\/index.php?rest_route=%2Fwp%2Fv2%2Fcomments&post=57"}],"version-history":[{"count":6,"href":"https:\/\/electricidadtenerife.com\/index.php?rest_route=\/wp\/v2\/pages\/57\/revisions"}],"predecessor-version":[{"id":966,"href":"https:\/\/electricidadtenerife.com\/index.php?rest_route=\/wp\/v2\/pages\/57\/revisions\/966"}],"wp:featuredmedia":[{"embeddable":true,"href":"https:\/\/electricidadtenerife.com\/index.php?rest_route=\/wp\/v2\/media\/714"}],"wp:attachment":[{"href":"https:\/\/electricidadtenerife.com\/index.php?rest_route=%2Fwp%2Fv2%2Fmedia&parent=57"}],"curies":[{"name":"wp","href":"https:\/\/api.w.org\/{rel}","templated":true}]}}