{"id":59,"date":"2017-01-02T13:47:03","date_gmt":"2017-01-02T13:47:03","guid":{"rendered":"http:\/\/ecoelte.ymanera.es\/?page_id=59"},"modified":"2021-06-04T11:53:48","modified_gmt":"2021-06-04T11:53:48","slug":"servicios","status":"publish","type":"page","link":"https:\/\/electricidadtenerife.com\/?page_id=59","title":{"rendered":"Servicios"},"content":{"rendered":"<p>[et_pb_section fb_built=\u00bb1&#8243; admin_label=\u00bbsection\u00bb _builder_version=\u00bb4.9.4&#8243; custom_padding=\u00bb0px||0px||false|false\u00bb][et_pb_row column_structure=\u00bb1_4,1_4,1_4,1_4&#8243; use_custom_gutter=\u00bbon\u00bb gutter_width=\u00bb1&#8243; make_equal=\u00bbon\u00bb admin_label=\u00bbrow\u00bb _builder_version=\u00bb4.9.4&#8243; background_size=\u00bbinitial\u00bb background_position=\u00bbtop_left\u00bb background_repeat=\u00bbrepeat\u00bb width=\u00bb90%\u00bb max_width=\u00bb2190px\u00bb][et_pb_column type=\u00bb1_4&#8243; _builder_version=\u00bb4.9.4&#8243; background_color=\u00bbRGBA(128,189,1,0.38)\u00bb custom_padding=\u00bb|||\u00bb custom_padding__hover=\u00bb|||\u00bb][et_pb_blurb title=\u00bbInstalaciones El\u00e9ctricas\u00bb url=\u00bb@ET-DC@eyJkeW5hbWljIjp0cnVlLCJjb250ZW50IjoicG9zdF9saW5rX3VybF9wYWdlIiwic2V0dGluZ3MiOnsicG9zdF9pZCI6IjY3OCJ9fQ==@\u00bb image=\u00bbhttps:\/\/electricidadtenerife.com\/wp-content\/uploads\/2021\/06\/elte-20201211-07.jpg\u00bb _builder_version=\u00bb4.9.4&#8243; _dynamic_attributes=\u00bburl\u00bb _module_preset=\u00bb4bb16713-9cbc-4b20-ac18-504c626ee9e5&#8243; hover_enabled=\u00bb0&#8243; title_text=\u00bbelte-20201211-07&#8243; sticky_enabled=\u00bb0&#8243;]<\/p>\n<ul>\n<li class=\"li1\"><span class=\"s1\">Baja Tensi\u00f3n<\/span><\/li>\n<li class=\"li1\"><span class=\"s1\">Iluminacion<\/span><\/li>\n<\/ul>\n<p>[\/et_pb_blurb][\/et_pb_column][et_pb_column type=\u00bb1_4&#8243; _builder_version=\u00bb4.9.4&#8243; background_color=\u00bbrgba(128,189,1,0.22)\u00bb custom_padding=\u00bb|||\u00bb custom_padding__hover=\u00bb|||\u00bb][et_pb_blurb title=\u00bbEnerg\u00edas renovables\u00bb url=\u00bb@ET-DC@eyJkeW5hbWljIjp0cnVlLCJjb250ZW50IjoicG9zdF9saW5rX3VybF9wYWdlIiwic2V0dGluZ3MiOnsicG9zdF9pZCI6IjYwOCJ9fQ==@\u00bb image=\u00bbhttps:\/\/electricidadtenerife.com\/wp-content\/uploads\/2021\/06\/AdobeStock_276818539.jpg\u00bb _builder_version=\u00bb4.9.4&#8243; _dynamic_attributes=\u00bburl\u00bb _module_preset=\u00bb4bb16713-9cbc-4b20-ac18-504c626ee9e5&#8243;]<\/p>\n<ul>\n<li>Viviendas aisladas<\/li>\n<li>Edificios<\/li>\n<li>Industrias y PYMEs<\/li>\n<li>Centros educativos, sanitarios, comerciales<\/li>\n<li>Centros deportivos, piscinas<\/li>\n<li>Hoteles<\/li>\n<\/ul>\n<p>[\/et_pb_blurb][\/et_pb_column][et_pb_column type=\u00bb1_4&#8243; _builder_version=\u00bb4.9.4&#8243; background_color=\u00bbRGBA(128,189,1,0.39)\u00bb custom_padding=\u00bb|||\u00bb custom_padding__hover=\u00bb|||\u00bb][et_pb_blurb title=\u00bbTelecomunicaciones\u00bb url=\u00bb@ET-DC@eyJkeW5hbWljIjp0cnVlLCJjb250ZW50IjoicG9zdF9saW5rX3VybF9wYWdlIiwic2V0dGluZ3MiOnsicG9zdF9pZCI6IjY4MiJ9fQ==@\u00bb image=\u00bbhttps:\/\/electricidadtenerife.com\/wp-content\/uploads\/2021\/06\/elte-20201211-23.jpg\u00bb _builder_version=\u00bb4.9.4&#8243; _dynamic_attributes=\u00bburl\u00bb _module_preset=\u00bb4bb16713-9cbc-4b20-ac18-504c626ee9e5&#8243; hover_enabled=\u00bb0&#8243; title_text=\u00bbelte-20201211-23&#8243; sticky_enabled=\u00bb0&#8243;]<\/p>\n<ul>\n<li class=\"li1\"><span class=\"s1\">Televisi\u00f3n<\/span><\/li>\n<li class=\"li1\"><span class=\"s1\">Telefon\u00eda<\/span><\/li>\n<li class=\"li1\"><span class=\"s1\">Megafon\u00eda<\/span><\/li>\n<li class=\"li1\"><span class=\"s1\">Circuitos Cerrados de Televisi\u00f3n<\/span><\/li>\n<li class=\"li1\"><span class=\"s1\">Redes Inform\u00e1ticas<\/span><\/li>\n<li class=\"li1\"><span class=\"s1\">Certificaci\u00f3n de Redes de Voz y Datos hasta Cat 6<\/span><\/li>\n<\/ul>\n<p>[\/et_pb_blurb][\/et_pb_column][et_pb_column type=\u00bb1_4&#8243; _builder_version=\u00bb4.9.4&#8243; background_color=\u00bbrgba(128,189,1,0.21)\u00bb custom_padding=\u00bb|||\u00bb custom_padding__hover=\u00bb|||\u00bb][et_pb_blurb title=\u00bbInstalaciones especiales\u00bb url=\u00bb@ET-DC@eyJkeW5hbWljIjp0cnVlLCJjb250ZW50IjoicG9zdF9saW5rX3VybF9wYWdlIiwic2V0dGluZ3MiOnsicG9zdF9pZCI6IjY4MCJ9fQ==@\u00bb image=\u00bbhttps:\/\/electricidadtenerife.com\/wp-content\/uploads\/2021\/06\/elte-20201211-28.jpg\u00bb _builder_version=\u00bb4.9.4&#8243; _dynamic_attributes=\u00bburl\u00bb _module_preset=\u00bb4bb16713-9cbc-4b20-ac18-504c626ee9e5&#8243; hover_enabled=\u00bb0&#8243; title_text=\u00bbelte-20201211-28&#8243; sticky_enabled=\u00bb0&#8243;]<\/p>\n<ul>\n<li><span class=\"s3\">Dom\u00f3tica<br \/>(Control Inteligente de Instalaciones).<\/span><\/li>\n<\/ul>\n<p>[\/et_pb_blurb][\/et_pb_column][\/et_pb_row][\/et_pb_section]<\/p>\n","protected":false},"excerpt":{"rendered":"<p>Baja Tensi\u00f3n Iluminacion Viviendas aisladas Edificios Industrias y PYMEs Centros educativos, sanitarios, comerciales Centros deportivos, piscinas Hoteles Televisi\u00f3n Telefon\u00eda Megafon\u00eda Circuitos Cerrados de Televisi\u00f3n Redes Inform\u00e1ticas Certificaci\u00f3n de Redes de Voz y Datos hasta Cat 6 Dom\u00f3tica(Control Inteligente de Instalaciones).<\/p>\n","protected":false},"author":1,"featured_media":156,"parent":0,"menu_order":0,"comment_status":"closed","ping_status":"closed","template":"","meta":{"_et_pb_use_builder":"on","_et_pb_old_content":"<p class=\"p1\"><span class=\"s1\"><b>Realizamos instalaciones de:<\/b><\/span><\/p><ul class=\"ul1\"><li class=\"li1\"><b><\/b><span class=\"s1\"><b>Instalaciones El\u00e9ctricas:<\/b><\/span><br \/><ul class=\"ul2\"><li class=\"li1\"><span class=\"s1\">Baja Tensi\u00f3n<\/span><\/li><li class=\"li1\"><span class=\"s1\">Iluminacion<\/span><\/li><\/ul><\/li><\/ul><ul class=\"ul1\"><li class=\"li1\"><b><\/b><span class=\"s1\"><b>Telecomunicaciones:<\/b><\/span><br \/><ul class=\"ul2\"><li class=\"li1\"><span class=\"s1\">Televisi\u00f3n<\/span><\/li><li class=\"li1\"><span class=\"s1\">Telefon\u00eda<\/span><\/li><li class=\"li1\"><span class=\"s1\">Megafon\u00eda<\/span><\/li><li class=\"li1\"><span class=\"s1\">Circuitos Cerrados de Televisi\u00f3n<\/span><\/li><li class=\"li1\"><span class=\"s1\">Redes Inform\u00e1ticas<\/span><\/li><li class=\"li1\"><span class=\"s1\">Certificaci\u00f3n de Redes de Voz y Datos hasta Cat 6<\/span><\/li><\/ul><\/li><\/ul><ul class=\"ul1\"><li class=\"li1\"><b><\/b><span class=\"s1\"><b>Instalaciones Especiales:<\/b><\/span><br \/><ul class=\"ul2\"><li class=\"li2\"><span class=\"s3\">Dom\u00f3tica (Control Inteligente de Instalaciones).<\/span><\/li><\/ul><\/li><\/ul>","_et_gb_content_width":"","footnotes":""},"class_list":["post-59","page","type-page","status-publish","has-post-thumbnail","hentry"],"_links":{"self":[{"href":"https:\/\/electricidadtenerife.com\/index.php?rest_route=\/wp\/v2\/pages\/59","targetHints":{"allow":["GET"]}}],"collection":[{"href":"https:\/\/electricidadtenerife.com\/index.php?rest_route=\/wp\/v2\/pages"}],"about":[{"href":"https:\/\/electricidadtenerife.com\/index.php?rest_route=\/wp\/v2\/types\/page"}],"author":[{"embeddable":true,"href":"https:\/\/electricidadtenerife.com\/index.php?rest_route=\/wp\/v2\/users\/1"}],"replies":[{"embeddable":true,"href":"https:\/\/electricidadtenerife.com\/index.php?rest_route=%2Fwp%2Fv2%2Fcomments&post=59"}],"version-history":[{"count":5,"href":"https:\/\/electricidadtenerife.com\/index.php?rest_route=\/wp\/v2\/pages\/59\/revisions"}],"predecessor-version":[{"id":785,"href":"https:\/\/electricidadtenerife.com\/index.php?rest_route=\/wp\/v2\/pages\/59\/revisions\/785"}],"wp:featuredmedia":[{"embeddable":true,"href":"https:\/\/electricidadtenerife.com\/index.php?rest_route=\/wp\/v2\/media\/156"}],"wp:attachment":[{"href":"https:\/\/electricidadtenerife.com\/index.php?rest_route=%2Fwp%2Fv2%2Fmedia&parent=59"}],"curies":[{"name":"wp","href":"https:\/\/api.w.org\/{rel}","templated":true}]}}