{"id":608,"date":"2021-05-05T21:30:31","date_gmt":"2021-05-05T21:30:31","guid":{"rendered":"http:\/\/ecoelte.ymanera.es\/?page_id=608"},"modified":"2025-04-25T06:31:30","modified_gmt":"2025-04-25T06:31:30","slug":"ecoelte","status":"publish","type":"page","link":"https:\/\/electricidadtenerife.com\/?page_id=608","title":{"rendered":"Divisi\u00f3n de energ\u00edas renovables"},"content":{"rendered":"<p>[et_pb_section fb_built=\u00bb1&#8243; _builder_version=\u00bb4.16&#8243; _module_preset=\u00bbdefault\u00bb global_colors_info=\u00bb{}\u00bb theme_builder_area=\u00bbpost_content\u00bb][et_pb_row column_structure=\u00bb2_5,3_5&#8243; _builder_version=\u00bb4.16&#8243; _module_preset=\u00bbdefault\u00bb global_colors_info=\u00bb{}\u00bb theme_builder_area=\u00bbpost_content\u00bb][et_pb_column type=\u00bb2_5&#8243; _builder_version=\u00bb4.16&#8243; _module_preset=\u00bbdefault\u00bb global_colors_info=\u00bb{}\u00bb theme_builder_area=\u00bbpost_content\u00bb][et_pb_image src=\u00bbhttps:\/\/electricidadtenerife.com\/wp-content\/uploads\/2021\/06\/elte-renovables.png\u00bb title_text=\u00bbelte-renovables\u00bb align=\u00bbcenter\u00bb _builder_version=\u00bb4.16&#8243; _module_preset=\u00bbdefault\u00bb global_colors_info=\u00bb{}\u00bb theme_builder_area=\u00bbpost_content\u00bb][\/et_pb_image][\/et_pb_column][et_pb_column type=\u00bb3_5&#8243; _builder_version=\u00bb4.16&#8243; _module_preset=\u00bbdefault\u00bb global_colors_info=\u00bb{}\u00bb theme_builder_area=\u00bbpost_content\u00bb][et_pb_text _builder_version=\u00bb4.16&#8243; _module_preset=\u00bbdefault\u00bb background_color=\u00bbrgba(128,189,1,0.29)\u00bb custom_padding=\u00bb47px|48px|47px|48px|true|true\u00bb global_colors_info=\u00bb{}\u00bb theme_builder_area=\u00bbpost_content\u00bb]<\/p>\n<h4><em>Instalaci\u00f3n y mantenimiento especializado en energ\u00edas renovables para:<\/em><\/h4>\n<ul>\n<li>Viviendas aisladas<\/li>\n<li>Edificios<\/li>\n<li>Industrias y PYMEs<\/li>\n<li>Centros educativos, sanitarios, comerciales<\/li>\n<li>Centros deportivos, piscinas<\/li>\n<li>Hoteles<\/li>\n<\/ul>\n<p>[\/et_pb_text][et_pb_text _builder_version=\u00bb4.27.4&#8243; _module_preset=\u00bbdefault\u00bb hover_enabled=\u00bb0&#8243; global_colors_info=\u00bb{}\u00bb theme_builder_area=\u00bbpost_content\u00bb sticky_enabled=\u00bb0&#8243;]<\/p>\n<p>Fieles a nuestro compromiso con la mejora constante y la conservaci\u00f3n del medio ambiente, hemos creado ecoelte, nuestra divisi\u00f3n de instalaci\u00f3n de sistemas basados en energ\u00edas renovables como los paneles solares fotovolt\u00e1icos para empresas y hogares.<\/p>\n<p>El autoconsumo de energ\u00edas renovables, como la solar, revierte en un ahorro econ\u00f3mico y energ\u00e9tico; adem\u00e1s de ser una energ\u00eda limpia que reduce las emisiones de efecto invernadero y as\u00ed colaboramos en la conservaci\u00f3n del medioambiente.<\/p>\n<p>Trabajamos para el futuro, caminando hacia la sostenibilidad, para contribuir a que cada d\u00eda se produzca m\u00e1s energ\u00eda limpia en este planeta, aprovechando el potencial de ahorro para las viviendas Canarias ya que disponemos de unas condiciones excelentes para la producci\u00f3n de energ\u00eda solar, con una media de casi 2800 de horas de sol, lo que mejora sustancialmente la eficiencia de los paneles fotovoltaicos.<\/p>\n<ul><\/ul>\n<p>[\/et_pb_text][\/et_pb_column][\/et_pb_row][et_pb_row column_structure=\u00bb2_5,3_5&#8243; _builder_version=\u00bb4.16&#8243; _module_preset=\u00bbdefault\u00bb global_colors_info=\u00bb{}\u00bb theme_builder_area=\u00bbpost_content\u00bb][et_pb_column type=\u00bb2_5&#8243; _builder_version=\u00bb4.16&#8243; _module_preset=\u00bbdefault\u00bb global_colors_info=\u00bb{}\u00bb theme_builder_area=\u00bbpost_content\u00bb][et_pb_image src=\u00bbhttps:\/\/electricidadtenerife.com\/wp-content\/uploads\/2021\/06\/Hogar.png\u00bb title_text=\u00bbHogar\u00bb align=\u00bbcenter\u00bb _builder_version=\u00bb4.16&#8243; _module_preset=\u00bbdefault\u00bb global_colors_info=\u00bb{}\u00bb theme_builder_area=\u00bbpost_content\u00bb][\/et_pb_image][\/et_pb_column][et_pb_column type=\u00bb3_5&#8243; _builder_version=\u00bb4.16&#8243; _module_preset=\u00bbdefault\u00bb global_colors_info=\u00bb{}\u00bb theme_builder_area=\u00bbpost_content\u00bb][et_pb_text _builder_version=\u00bb4.16&#8243; _module_preset=\u00bbdefault\u00bb global_colors_info=\u00bb{}\u00bb theme_builder_area=\u00bbpost_content\u00bb]<\/p>\n<h2>ENERG\u00cdA SOLAR FOTOVOLTAICA<\/h2>\n<h4>Aisladas:<span class=\"Apple-converted-space\">\u00a0<\/span><\/h4>\n<p>Viviendas o lugares donde no llega el tendido el\u00e9ctrico. Gracias a una sencilla instalaci\u00f3n podr\u00e1 tener cubierta sus necesidades.<\/p>\n<h4>Autoconsumo:<span class=\"Apple-converted-space\">\u00a0<\/span><\/h4>\n<p>Mientras haya radiaci\u00f3n solar toda la energ\u00eda captada ser\u00e1 suministrada a la vivienda. En nuestro departamento de Ingenier\u00eda le tramitaremos la documentaci\u00f3n requerida para permisos y subvenciones y ejecutaremos la obra previo presupuesto y estudio de amortizaci\u00f3n.<\/p>\n<p>[\/et_pb_text][\/et_pb_column][\/et_pb_row][\/et_pb_section]<\/p>\n","protected":false},"excerpt":{"rendered":"<p>Instalaci\u00f3n y mantenimiento especializado en energ\u00edas renovables para: Viviendas aisladas Edificios Industrias y PYMEs Centros educativos, sanitarios, comerciales Centros deportivos, piscinas Hoteles Fieles a nuestro compromiso con la mejora constante y la conservaci\u00f3n del medio ambiente, hemos creado ecoelte, nuestra divisi\u00f3n de instalaci\u00f3n de sistemas basados en energ\u00edas renovables como los paneles solares fotovolt\u00e1icos para [&hellip;]<\/p>\n","protected":false},"author":1,"featured_media":691,"parent":0,"menu_order":0,"comment_status":"closed","ping_status":"closed","template":"","meta":{"_et_pb_use_builder":"on","_et_pb_old_content":"","_et_gb_content_width":"","footnotes":""},"class_list":["post-608","page","type-page","status-publish","has-post-thumbnail","hentry"],"_links":{"self":[{"href":"https:\/\/electricidadtenerife.com\/index.php?rest_route=\/wp\/v2\/pages\/608","targetHints":{"allow":["GET"]}}],"collection":[{"href":"https:\/\/electricidadtenerife.com\/index.php?rest_route=\/wp\/v2\/pages"}],"about":[{"href":"https:\/\/electricidadtenerife.com\/index.php?rest_route=\/wp\/v2\/types\/page"}],"author":[{"embeddable":true,"href":"https:\/\/electricidadtenerife.com\/index.php?rest_route=\/wp\/v2\/users\/1"}],"replies":[{"embeddable":true,"href":"https:\/\/electricidadtenerife.com\/index.php?rest_route=%2Fwp%2Fv2%2Fcomments&post=608"}],"version-history":[{"count":7,"href":"https:\/\/electricidadtenerife.com\/index.php?rest_route=\/wp\/v2\/pages\/608\/revisions"}],"predecessor-version":[{"id":958,"href":"https:\/\/electricidadtenerife.com\/index.php?rest_route=\/wp\/v2\/pages\/608\/revisions\/958"}],"wp:featuredmedia":[{"embeddable":true,"href":"https:\/\/electricidadtenerife.com\/index.php?rest_route=\/wp\/v2\/media\/691"}],"wp:attachment":[{"href":"https:\/\/electricidadtenerife.com\/index.php?rest_route=%2Fwp%2Fv2%2Fmedia&parent=608"}],"curies":[{"name":"wp","href":"https:\/\/api.w.org\/{rel}","templated":true}]}}