{"id":611,"date":"2021-05-05T21:31:12","date_gmt":"2021-05-05T21:31:12","guid":{"rendered":"http:\/\/ecoelte.ymanera.es\/?page_id=611"},"modified":"2025-05-08T19:58:20","modified_gmt":"2025-05-08T19:58:20","slug":"inicio","status":"publish","type":"page","link":"https:\/\/electricidadtenerife.com\/","title":{"rendered":"Inicio"},"content":{"rendered":"<p>[et_pb_section fb_built=\u00bb1&#8243; fullwidth=\u00bbon\u00bb _builder_version=\u00bb4.16&#8243; _module_preset=\u00bbdefault\u00bb global_colors_info=\u00bb{}\u00bb][et_pb_fullwidth_slider use_bg_overlay=\u00bboff\u00bb use_text_overlay=\u00bbon\u00bb text_overlay_color=\u00bbrgba(128,189,1,0.65)\u00bb _builder_version=\u00bb4.16&#8243; _module_preset=\u00bbdefault\u00bb header_level=\u00bbh1&#8243; header_font=\u00bb|600|on||||||\u00bb header_font_size=\u00bb56px\u00bb body_font_size=\u00bb20px\u00bb body_line_height=\u00bb2em\u00bb custom_button=\u00bbon\u00bb button_text_color=\u00bb#255AAB\u00bb button_bg_color=\u00bb#FFFFFF\u00bb button_border_width=\u00bb1px\u00bb button_border_radius=\u00bb60px\u00bb header_font_size_tablet=\u00bb\u00bb header_font_size_phone=\u00bb38px\u00bb header_font_size_last_edited=\u00bbon|desktop\u00bb box_shadow_style_button=\u00bbpreset1&#8243; global_colors_info=\u00bb{}\u00bb][et_pb_slide heading=\u00bbProfesionales al servicio de la calidad\u00bb _builder_version=\u00bb4.16&#8243; _module_preset=\u00bbdefault\u00bb background_image=\u00bbhttps:\/\/electricidadtenerife.com\/wp-content\/uploads\/2021\/06\/AdobeStock_276818539.jpg\u00bb background_enable_image=\u00bbon\u00bb global_colors_info=\u00bb{}\u00bb sticky_transition=\u00bbon\u00bb]<\/p>\n<p><span>La calidad como compromiso gracias a la implicaci\u00f3n de todos nuestros recursos humanos y t\u00e9cnicos.<\/span><\/p>\n<p>[\/et_pb_slide][et_pb_slide heading=\u00bbProfesionales en instalaciones el\u00e9ctricas\u00bb button_text=\u00bbver m\u00e1s&#8230;\u00bb button_link=\u00bb@ET-DC@eyJkeW5hbWljIjp0cnVlLCJjb250ZW50IjoicG9zdF9saW5rX3VybF9wYWdlIiwic2V0dGluZ3MiOnsicG9zdF9pZCI6IjY3OCJ9fQ==@\u00bb _builder_version=\u00bb4.16&#8243; _dynamic_attributes=\u00bbbutton_link\u00bb _module_preset=\u00bbdefault\u00bb background_image=\u00bbhttps:\/\/electricidadtenerife.com\/wp-content\/uploads\/2021\/06\/elte-20201211-12.jpg\u00bb background_enable_image=\u00bbon\u00bb global_colors_info=\u00bb{}\u00bb sticky_transition=\u00bbon\u00bb]<\/p>\n<p><span>Servicios directos y personalizados en cuanto a calidad de ejecuci\u00f3n y profesionalidad en el\u00a0sector de Instalaciones y Mantenimiento el\u00e9ctrico en Baja y Media Tensi\u00f3n.<\/span><\/p>\n<p>[\/et_pb_slide][et_pb_slide heading=\u00bbComprometidos con las energ\u00edas renovables\u00bb button_text=\u00bbver m\u00e1s&#8230;\u00bb button_link=\u00bb@ET-DC@eyJkeW5hbWljIjp0cnVlLCJjb250ZW50IjoicG9zdF9saW5rX3VybF9wYWdlIiwic2V0dGluZ3MiOnsicG9zdF9pZCI6IjYwOCJ9fQ==@\u00bb _builder_version=\u00bb4.16&#8243; _dynamic_attributes=\u00bbbutton_link\u00bb _module_preset=\u00bbdefault\u00bb background_image=\u00bbhttps:\/\/electricidadtenerife.com\/wp-content\/uploads\/2021\/06\/AdobeStock_248611984.jpg\u00bb background_enable_image=\u00bbon\u00bb background_position=\u00bbbottom_center\u00bb global_colors_info=\u00bb{}\u00bb sticky_transition=\u00bbon\u00bb]<\/p>\n<p><span>Trabajando por un futuro hacia la sostenibilidad para contribuir a que cada d\u00eda se produzca m\u00e1s energ\u00eda limpia en nuestro planeta.<\/span><\/p>\n<p>[\/et_pb_slide][et_pb_slide heading=\u00bbInstalaci\u00f3n de telecomunicaciones de calidad\u00bb button_text=\u00bbver m\u00e1s&#8230;\u00bb button_link=\u00bb@ET-DC@eyJkeW5hbWljIjp0cnVlLCJjb250ZW50IjoicG9zdF9saW5rX3VybF9wYWdlIiwic2V0dGluZ3MiOnsicG9zdF9pZCI6IjY4MiJ9fQ==@\u00bb _builder_version=\u00bb4.16&#8243; _dynamic_attributes=\u00bbbutton_link\u00bb _module_preset=\u00bbdefault\u00bb background_image=\u00bbhttps:\/\/electricidadtenerife.com\/wp-content\/uploads\/2021\/06\/AdobeStock_100999003.jpg\u00bb background_enable_image=\u00bbon\u00bb global_colors_info=\u00bb{}\u00bb sticky_transition=\u00bbon\u00bb]<\/p>\n<p>Contamos con especialistas en instalaci\u00f3n de sistema de comunicaci\u00f3n <span>para ofrecer soluciones avanzadas acometiendo proyectos de telecomunicaciones.<\/span><\/p>\n<p>[\/et_pb_slide][et_pb_slide heading=\u00bbExperiencia en instalaciones especiales\u00bb button_text=\u00bbver m\u00e1s&#8230;\u00bb button_link=\u00bb@ET-DC@eyJkeW5hbWljIjp0cnVlLCJjb250ZW50IjoicG9zdF9saW5rX3VybF9wYWdlIiwic2V0dGluZ3MiOnsicG9zdF9pZCI6IjY4MiJ9fQ==@\u00bb _builder_version=\u00bb4.16&#8243; _dynamic_attributes=\u00bbbutton_link\u00bb _module_preset=\u00bbdefault\u00bb background_image=\u00bbhttps:\/\/electricidadtenerife.com\/wp-content\/uploads\/2021\/06\/elte-20201211-58.jpg\u00bb background_enable_image=\u00bbon\u00bb global_colors_info=\u00bb{}\u00bb sticky_transition=\u00bbon\u00bb]<\/p>\n<p><span>Con la capacidad de abordar proyectos con las m\u00e1s innovadoras tecnolog\u00edas en Sistemas de Control Inteligentes apropiados para todo tipo de edificios.<\/span><\/p>\n<p>[\/et_pb_slide][\/et_pb_fullwidth_slider][\/et_pb_section][et_pb_section fb_built=\u00bb1&#8243; _builder_version=\u00bb4.16&#8243; _module_preset=\u00bbdefault\u00bb custom_padding=\u00bb0px||||false|false\u00bb box_shadow_style=\u00bbpreset1&#8243; box_shadow_horizontal=\u00bb7px\u00bb box_shadow_blur=\u00bb25px\u00bb global_colors_info=\u00bb{}\u00bb][et_pb_row column_structure=\u00bb1_4,1_4,1_4,1_4&#8243; use_custom_gutter=\u00bbon\u00bb gutter_width=\u00bb1&#8243; make_equal=\u00bbon\u00bb _builder_version=\u00bb4.16&#8243; _module_preset=\u00bbdefault\u00bb width=\u00bb100%\u00bb max_width=\u00bb2560px\u00bb custom_margin=\u00bb||||false|false\u00bb custom_padding=\u00bb0px||0px||false|false\u00bb global_colors_info=\u00bb{}\u00bb][et_pb_column type=\u00bb1_4&#8243; _builder_version=\u00bb4.16&#8243; _module_preset=\u00bbdefault\u00bb background_color=\u00bb#255AAB\u00bb global_colors_info=\u00bb{}\u00bb][et_pb_blurb title=\u00bbProfesionales en Instalaciones El\u00e9ctricas\u00bb url=\u00bb@ET-DC@eyJkeW5hbWljIjp0cnVlLCJjb250ZW50IjoicG9zdF9saW5rX3VybF9wYWdlIiwic2V0dGluZ3MiOnsicG9zdF9pZCI6IjY3OCJ9fQ==@\u00bb image=\u00bbhttps:\/\/electricidadtenerife.com\/wp-content\/uploads\/2021\/06\/elte-estacion.png\u00bb _builder_version=\u00bb4.16&#8243; _dynamic_attributes=\u00bburl\u00bb _module_preset=\u00bb7ee3fd8b-ace6-45ff-b9aa-f95d9cf887cc\u00bb global_colors_info=\u00bb{}\u00bb]<\/p>\n<p><span> Servicios directos y personalizados en cuanto a calidad de ejecuci\u00f3n y profesionalidad en el\u00a0sector de Instalaciones y Mantenimiento el\u00e9ctrico en Baja y Media Tensi\u00f3n.<\/span><\/p>\n<p>[\/et_pb_blurb][\/et_pb_column][et_pb_column type=\u00bb1_4&#8243; _builder_version=\u00bb4.16&#8243; _module_preset=\u00bbdefault\u00bb background_color=\u00bb#80BD01&#8243; global_colors_info=\u00bb{}\u00bb][et_pb_blurb title=\u00bbConcienciados con las energ\u00edas renovables\u00bb url=\u00bb@ET-DC@eyJkeW5hbWljIjp0cnVlLCJjb250ZW50IjoicG9zdF9saW5rX3VybF9wYWdlIiwic2V0dGluZ3MiOnsicG9zdF9pZCI6IjYwOCJ9fQ==@\u00bb image=\u00bbhttps:\/\/electricidadtenerife.com\/wp-content\/uploads\/2021\/06\/elte-renovables.png\u00bb _builder_version=\u00bb4.16&#8243; _dynamic_attributes=\u00bburl\u00bb _module_preset=\u00bb7ee3fd8b-ace6-45ff-b9aa-f95d9cf887cc\u00bb global_colors_info=\u00bb{}\u00bb]<\/p>\n<p><span>Trabajamos para el futuro, caminando hacia la sostenibilidad, para contribuir a que cada d\u00eda se produzca m\u00e1s energ\u00eda limpia en este planeta.<\/span><\/p>\n<p>[\/et_pb_blurb][\/et_pb_column][et_pb_column type=\u00bb1_4&#8243; _builder_version=\u00bb4.16&#8243; _module_preset=\u00bbdefault\u00bb background_color=\u00bb#A0A0A0&#8243; global_colors_info=\u00bb{}\u00bb][et_pb_blurb title=\u00bbExpertos en Telecomunicaciones\u00bb url=\u00bb@ET-DC@eyJkeW5hbWljIjp0cnVlLCJjb250ZW50IjoicG9zdF9saW5rX3VybF9wYWdlIiwic2V0dGluZ3MiOnsicG9zdF9pZCI6IjY4MiJ9fQ==@\u00bb image=\u00bbhttps:\/\/electricidadtenerife.com\/wp-content\/uploads\/2021\/06\/elte-router.png\u00bb _builder_version=\u00bb4.16&#8243; _dynamic_attributes=\u00bburl\u00bb _module_preset=\u00bb7ee3fd8b-ace6-45ff-b9aa-f95d9cf887cc\u00bb global_colors_info=\u00bb{}\u00bb]<\/p>\n<p>Contamos con especialistas en la instalaci\u00f3n de sistemas de comunicaciones\u00a0<span>para ofrecer soluciones avanzadas acometiendo proyectos de telecomunicaciones. <\/span><\/p>\n<p>[\/et_pb_blurb][\/et_pb_column][et_pb_column type=\u00bb1_4&#8243; _builder_version=\u00bb4.16&#8243; _module_preset=\u00bbdefault\u00bb background_color=\u00bb#255AAB\u00bb global_colors_info=\u00bb{}\u00bb][et_pb_blurb title=\u00bbExperiencia en instalaciones especiales\u00bb url=\u00bb@ET-DC@eyJkeW5hbWljIjp0cnVlLCJjb250ZW50IjoicG9zdF9saW5rX3VybF9wYWdlIiwic2V0dGluZ3MiOnsicG9zdF9pZCI6IjY4MCJ9fQ==@\u00bb image=\u00bbhttps:\/\/electricidadtenerife.com\/wp-content\/uploads\/2021\/06\/elte-farola.png\u00bb _builder_version=\u00bb4.16&#8243; _dynamic_attributes=\u00bburl\u00bb _module_preset=\u00bb7ee3fd8b-ace6-45ff-b9aa-f95d9cf887cc\u00bb global_colors_info=\u00bb{}\u00bb]<\/p>\n<p><span>Con la capacidad de abordar proyectos con las m\u00e1s innovadoras tecnolog\u00edas en Sistemas de Control Inteligente apropiados para todo tipo de edificios.<\/span><\/p>\n<p>[\/et_pb_blurb][\/et_pb_column][\/et_pb_row][\/et_pb_section]<\/p>\n","protected":false},"excerpt":{"rendered":"<p>La calidad como compromiso gracias a la implicaci\u00f3n de todos nuestros recursos humanos y t\u00e9cnicos.Servicios directos y personalizados en cuanto a calidad de ejecuci\u00f3n y profesionalidad en el\u00a0sector de Instalaciones y Mantenimiento el\u00e9ctrico en Baja y Media Tensi\u00f3n.Trabajando por un futuro hacia la sostenibilidad para contribuir a que cada d\u00eda se produzca m\u00e1s energ\u00eda limpia [&hellip;]<\/p>\n","protected":false},"author":1,"featured_media":645,"parent":0,"menu_order":0,"comment_status":"closed","ping_status":"closed","template":"","meta":{"_et_pb_use_builder":"on","_et_pb_old_content":"","_et_gb_content_width":"","footnotes":""},"class_list":["post-611","page","type-page","status-publish","has-post-thumbnail","hentry"],"_links":{"self":[{"href":"https:\/\/electricidadtenerife.com\/index.php?rest_route=\/wp\/v2\/pages\/611","targetHints":{"allow":["GET"]}}],"collection":[{"href":"https:\/\/electricidadtenerife.com\/index.php?rest_route=\/wp\/v2\/pages"}],"about":[{"href":"https:\/\/electricidadtenerife.com\/index.php?rest_route=\/wp\/v2\/types\/page"}],"author":[{"embeddable":true,"href":"https:\/\/electricidadtenerife.com\/index.php?rest_route=\/wp\/v2\/users\/1"}],"replies":[{"embeddable":true,"href":"https:\/\/electricidadtenerife.com\/index.php?rest_route=%2Fwp%2Fv2%2Fcomments&post=611"}],"version-history":[{"count":6,"href":"https:\/\/electricidadtenerife.com\/index.php?rest_route=\/wp\/v2\/pages\/611\/revisions"}],"predecessor-version":[{"id":970,"href":"https:\/\/electricidadtenerife.com\/index.php?rest_route=\/wp\/v2\/pages\/611\/revisions\/970"}],"wp:featuredmedia":[{"embeddable":true,"href":"https:\/\/electricidadtenerife.com\/index.php?rest_route=\/wp\/v2\/media\/645"}],"wp:attachment":[{"href":"https:\/\/electricidadtenerife.com\/index.php?rest_route=%2Fwp%2Fv2%2Fmedia&parent=611"}],"curies":[{"name":"wp","href":"https:\/\/api.w.org\/{rel}","templated":true}]}}