{"id":63,"date":"2017-01-02T13:47:49","date_gmt":"2017-01-02T13:47:49","guid":{"rendered":"http:\/\/ecoelte.ymanera.es\/?page_id=63"},"modified":"2025-05-28T08:02:51","modified_gmt":"2025-05-28T08:02:51","slug":"calidad","status":"publish","type":"page","link":"https:\/\/electricidadtenerife.com\/?page_id=63","title":{"rendered":"Calidad"},"content":{"rendered":"<p>[et_pb_section fb_built=\u00bb1&#8243; specialty=\u00bbon\u00bb admin_label=\u00bbSecci\u00f3n\u00bb _builder_version=\u00bb4.16&#8243; global_colors_info=\u00bb{}\u00bb theme_builder_area=\u00bbpost_content\u00bb][et_pb_column type=\u00bb1_3&#8243; _builder_version=\u00bb4.16&#8243; custom_padding=\u00bb|||\u00bb global_colors_info=\u00bb{}\u00bb custom_padding__hover=\u00bb|||\u00bb theme_builder_area=\u00bbpost_content\u00bb][et_pb_gallery gallery_ids=\u00bb883,884,885&#8243; fullwidth=\u00bbon\u00bb _builder_version=\u00bb4.27.4&#8243; _module_preset=\u00bbdefault\u00bb global_colors_info=\u00bb{}\u00bb theme_builder_area=\u00bbpost_content\u00bb][\/et_pb_gallery][et_pb_image src=\u00bbhttps:\/\/electricidadtenerife.com\/wp-content\/uploads\/2024\/12\/ISO-9001-14001-45001.png\u00bb title_text=\u00bbISO-9001,-14001,-45001&#8243; align=\u00bbcenter\u00bb _builder_version=\u00bb4.27.4&#8243; _module_preset=\u00bbdefault\u00bb global_colors_info=\u00bb{}\u00bb theme_builder_area=\u00bbpost_content\u00bb][\/et_pb_image][\/et_pb_column][et_pb_column type=\u00bb2_3&#8243; specialty_columns=\u00bb2&#8243; _builder_version=\u00bb4.16&#8243; custom_padding=\u00bb|||\u00bb global_colors_info=\u00bb{}\u00bb custom_padding__hover=\u00bb|||\u00bb theme_builder_area=\u00bbpost_content\u00bb][et_pb_row_inner admin_label=\u00bbFila\u00bb _builder_version=\u00bb4.16&#8243; global_colors_info=\u00bb{}\u00bb theme_builder_area=\u00bbpost_content\u00bb][et_pb_column_inner saved_specialty_column_type=\u00bb2_3&#8243; _builder_version=\u00bb4.16&#8243; custom_padding=\u00bb|||\u00bb global_colors_info=\u00bb{}\u00bb custom_padding__hover=\u00bb|||\u00bb theme_builder_area=\u00bbpost_content\u00bb][et_pb_text admin_label=\u00bbTexto\u00bb _builder_version=\u00bb4.27.4&#8243; background_size=\u00bbinitial\u00bb background_position=\u00bbtop_left\u00bb background_repeat=\u00bbrepeat\u00bb use_border_color=\u00bboff\u00bb border_color=\u00bb#ffffff\u00bb border_style=\u00bbsolid\u00bb global_colors_info=\u00bb{}\u00bb theme_builder_area=\u00bbpost_content\u00bb]<\/p>\n<p style=\"font-weight: 400;\">En Electricidad Tenerife S.L asumimos un firme compromiso con la calidad del servicio, la protecci\u00f3n del medio ambiente y la seguridad y salud de nuestros trabajadores y colaboradores. Estos tres pilares forman parte esencial de nuestra cultura empresarial y gu\u00edan todas nuestras actividades de instalaci\u00f3n y mantenimiento, como as\u00ed lo corroboran nuestras certificaciones:<\/p>\n<p>[\/et_pb_text][\/et_pb_column_inner][\/et_pb_row_inner][et_pb_row_inner _builder_version=\u00bb4.27.4&#8243; _module_preset=\u00bbdefault\u00bb global_colors_info=\u00bb{}\u00bb theme_builder_area=\u00bbpost_content\u00bb][et_pb_column_inner saved_specialty_column_type=\u00bb2_3&#8243; _builder_version=\u00bb4.27.4&#8243; _module_preset=\u00bbdefault\u00bb global_colors_info=\u00bb{}\u00bb theme_builder_area=\u00bbpost_content\u00bb][et_pb_text _builder_version=\u00bb4.27.4&#8243; _module_preset=\u00bbdefault\u00bb global_colors_info=\u00bb{}\u00bb theme_builder_area=\u00bbpost_content\u00bb]<\/p>\n<h3><a href=\"#\"><img loading=\"lazy\" decoding=\"async\" src=\"https:\/\/electricidadtenerife.com\/wp-content\/uploads\/2024\/12\/ISO-9001-2015.png\" width=\"150\" height=\"162\" alt=\"\" class=\"wp-image-852 alignleft size-full\" \/><\/a>Calidad<\/h3>\n<p>Trabajamos bajo los est\u00e1ndares m\u00e1s exigentes para garantizar resultados duraderos, seguros y adaptados a las necesidades de cada cliente. Nuestro objetivo es la mejora continua de nuestros procesos, productos y servicios para asegurar la satisfacci\u00f3n total de quienes han confiado en nosotros.<\/p>\n<p>[\/et_pb_text][\/et_pb_column_inner][\/et_pb_row_inner][et_pb_row_inner _builder_version=\u00bb4.27.4&#8243; _module_preset=\u00bbdefault\u00bb global_colors_info=\u00bb{}\u00bb theme_builder_area=\u00bbpost_content\u00bb][et_pb_column_inner saved_specialty_column_type=\u00bb2_3&#8243; _builder_version=\u00bb4.27.4&#8243; _module_preset=\u00bbdefault\u00bb global_colors_info=\u00bb{}\u00bb theme_builder_area=\u00bbpost_content\u00bb][et_pb_text _builder_version=\u00bb4.27.4&#8243; _module_preset=\u00bbdefault\u00bb global_colors_info=\u00bb{}\u00bb theme_builder_area=\u00bbpost_content\u00bb]<\/p>\n<h3><a href=\"#\"><img loading=\"lazy\" decoding=\"async\" src=\"https:\/\/electricidadtenerife.com\/wp-content\/uploads\/2024\/12\/ISO-14001.png\" width=\"150\" height=\"162\" alt=\"\" class=\"wp-image-854 alignleft size-full\" \/><\/a>Gesti\u00f3n ambiental<\/h3>\n<p>Somos conscientes del impacto ambienta de nuestras actividades, por lo que aplicamos pr\u00e1cticas responsables para minimizarlo. Promovemos el uso eficiente de los recursos, la correcta gesti\u00f3n de los residuos que generamos y el cumplimiento de la normativa ambiental vigente.<\/p>\n<p>[\/et_pb_text][\/et_pb_column_inner][\/et_pb_row_inner][et_pb_row_inner _builder_version=\u00bb4.27.4&#8243; _module_preset=\u00bbdefault\u00bb global_colors_info=\u00bb{}\u00bb theme_builder_area=\u00bbpost_content\u00bb][et_pb_column_inner saved_specialty_column_type=\u00bb2_3&#8243; _builder_version=\u00bb4.27.4&#8243; _module_preset=\u00bbdefault\u00bb global_colors_info=\u00bb{}\u00bb theme_builder_area=\u00bbpost_content\u00bb][et_pb_text _builder_version=\u00bb4.27.4&#8243; _module_preset=\u00bbdefault\u00bb global_colors_info=\u00bb{}\u00bb theme_builder_area=\u00bbpost_content\u00bb]<\/p>\n<h3><a href=\"#\"><img loading=\"lazy\" decoding=\"async\" src=\"https:\/\/electricidadtenerife.com\/wp-content\/uploads\/2024\/12\/ISO-45001.png\" width=\"150\" height=\"162\" alt=\"\" class=\"wp-image-855 alignleft size-full\" \/><\/a>Seguridad y Salud en el Trabajo<\/h3>\n<p>Consideramos la seguridad y salud de nuestros trabajadores como un valor innegociable. Implementamos medidas preventivas y formamos continuamente a nuestro personal para garantizar un entorno laboral seguro, saludable y libre de riesgos.<\/p>\n<p>[\/et_pb_text][\/et_pb_column_inner][\/et_pb_row_inner][et_pb_row_inner _builder_version=\u00bb4.16&#8243; global_colors_info=\u00bb{}\u00bb theme_builder_area=\u00bbpost_content\u00bb][et_pb_column_inner saved_specialty_column_type=\u00bb2_3&#8243; _builder_version=\u00bb4.16&#8243; global_colors_info=\u00bb{}\u00bb theme_builder_area=\u00bbpost_content\u00bb][et_pb_text _builder_version=\u00bb4.27.4&#8243; custom_padding=\u00bb||1px|||\u00bb global_colors_info=\u00bb{}\u00bb theme_builder_area=\u00bbpost_content\u00bb]<\/p>\n<p style=\"font-weight: 400;\">Este compromiso se refleja en la planificaci\u00f3n, ejecuci\u00f3n y seguimiento de cada proyecto, consolidando nuestra reputaci\u00f3n como empresa fiable, segura, sostenible y orientada hacia la mejora continua.<\/p>\n<p>[\/et_pb_text][\/et_pb_column_inner][\/et_pb_row_inner][\/et_pb_column][\/et_pb_section]<\/p>\n","protected":false},"excerpt":{"rendered":"<p>En Electricidad Tenerife S.L asumimos un firme compromiso con la calidad del servicio, la protecci\u00f3n del medio ambiente y la seguridad y salud de nuestros trabajadores y colaboradores. Estos tres pilares forman parte esencial de nuestra cultura empresarial y gu\u00edan todas nuestras actividades de instalaci\u00f3n y mantenimiento, como as\u00ed lo corroboran nuestras certificaciones:Calidad Trabajamos bajo [&hellip;]<\/p>\n","protected":false},"author":1,"featured_media":767,"parent":0,"menu_order":0,"comment_status":"closed","ping_status":"closed","template":"","meta":{"_et_pb_use_builder":"on","_et_pb_old_content":"<p class=\"p1\"><span class=\"s1\">Conforme a nuestro deseo de mejorar y avanzar con los nuevos tiempos, hemos obtenido recientemente el certificado a la norma de gesti\u00f3n de calidad que pasamos a detallarle y de la que tenemos el agrado de hacerles part\u00edcipes ya que entendemos que nos ayudar\u00e1 a fomentar estos valores tan apreciados por todos.<\/span><\/p><p class=\"p1\"><span class=\"s1\">En la actualidad nuestro sistema de gesti\u00f3n de calidad tiene certificado de calidad por la LLoyd\u2019s Register Quality Assurance, de acuerdo con las siguientes normas de sistemas de gesti\u00f3n de calidad:<\/span><\/p><p class=\"p2\"><span class=\"s1\"><b>ISO 9001:2008<\/b><\/span><\/p><p class=\"p2\"><span class=\"s1\"><b>EN ISO 9001:2008<\/b><\/span><\/p><p class=\"p2\"><span class=\"s1\"><b>BS EN ISO 9001:2008<\/b><\/span><\/p><p class=\"p3\"><span class=\"s1\">aplicables a: Instalaciones el\u00e9ctricas de media y baja tensi\u00f3n y montaje de instalaciones de televisi\u00f3n, telefon\u00eda, megafon\u00eda, circuito cerrado de televisi\u00f3n y redes inform\u00e1ticas.<\/span><\/p><p class=\"p3\"><span class=\"s1\">Es un reconocimiento al logro de haber homologado y estandarizado nuestros procedimientos de gesti\u00f3n y control de calidad que de forma general utilizamos en nuestros proyectos.<\/span><span class=\"s2\"><br \/> <\/span><span class=\"s1\">La calidad, es un compromiso que requiere un gran esfuerzo y la implicaci\u00f3n de nuestros recursos humanos y t\u00e9cnicos en este objetivo. Esta certificaci\u00f3n es el resultado de un trabajo interno, intenso y efectuado en el marco de nuestra politica de calidad, que es un parametro esencial en nuestra organizaci\u00f3n.<\/span><\/p>","_et_gb_content_width":"","footnotes":""},"class_list":["post-63","page","type-page","status-publish","has-post-thumbnail","hentry"],"_links":{"self":[{"href":"https:\/\/electricidadtenerife.com\/index.php?rest_route=\/wp\/v2\/pages\/63","targetHints":{"allow":["GET"]}}],"collection":[{"href":"https:\/\/electricidadtenerife.com\/index.php?rest_route=\/wp\/v2\/pages"}],"about":[{"href":"https:\/\/electricidadtenerife.com\/index.php?rest_route=\/wp\/v2\/types\/page"}],"author":[{"embeddable":true,"href":"https:\/\/electricidadtenerife.com\/index.php?rest_route=\/wp\/v2\/users\/1"}],"replies":[{"embeddable":true,"href":"https:\/\/electricidadtenerife.com\/index.php?rest_route=%2Fwp%2Fv2%2Fcomments&post=63"}],"version-history":[{"count":10,"href":"https:\/\/electricidadtenerife.com\/index.php?rest_route=\/wp\/v2\/pages\/63\/revisions"}],"predecessor-version":[{"id":983,"href":"https:\/\/electricidadtenerife.com\/index.php?rest_route=\/wp\/v2\/pages\/63\/revisions\/983"}],"wp:featuredmedia":[{"embeddable":true,"href":"https:\/\/electricidadtenerife.com\/index.php?rest_route=\/wp\/v2\/media\/767"}],"wp:attachment":[{"href":"https:\/\/electricidadtenerife.com\/index.php?rest_route=%2Fwp%2Fv2%2Fmedia&parent=63"}],"curies":[{"name":"wp","href":"https:\/\/api.w.org\/{rel}","templated":true}]}}