{"id":67,"date":"2017-01-02T13:49:47","date_gmt":"2017-01-02T13:49:47","guid":{"rendered":"http:\/\/ecoelte.ymanera.es\/?page_id=67"},"modified":"2025-09-25T17:00:58","modified_gmt":"2025-09-25T17:00:58","slug":"contactar","status":"publish","type":"page","link":"https:\/\/electricidadtenerife.com\/?page_id=67","title":{"rendered":"Contactar"},"content":{"rendered":"<p>[et_pb_section fb_built=\u00bb1&#8243; admin_label=\u00bbsection\u00bb _builder_version=\u00bb4.16&#8243; global_colors_info=\u00bb{}\u00bb theme_builder_area=\u00bbpost_content\u00bb][et_pb_row column_structure=\u00bb3_5,2_5&#8243; _builder_version=\u00bb4.16&#8243; _module_preset=\u00bbdefault\u00bb global_colors_info=\u00bb{}\u00bb theme_builder_area=\u00bbpost_content\u00bb][et_pb_column type=\u00bb3_5&#8243; _builder_version=\u00bb4.16&#8243; _module_preset=\u00bbdefault\u00bb global_colors_info=\u00bb{}\u00bb theme_builder_area=\u00bbpost_content\u00bb][et_pb_code _builder_version=\u00bb4.27.4&#8243; _module_preset=\u00bbdefault\u00bb global_colors_info=\u00bb{}\u00bb theme_builder_area=\u00bbpost_content\u00bb]<iframe src=\"https:\/\/www.google.com\/maps\/embed?pb=!1m18!1m12!1m3!1d22047.957841168292!2d-16.33501159298022!3d28.43051899990108!2m3!1f0!2f0!3f0!3m2!1i1024!2i768!4f13.1!3m3!1m2!1s0xc41cd373c4c846d%3A0x89d89d923c6da480!2sC.%20Gran%20Duque%2C%203%2C%2038107%20Santa%20Cruz%20de%20Tenerife!5e0!3m2!1ses!2ses!4v1745563301996!5m2!1ses!2ses\" width=\"100%\" height=\"450\" style=\"border:0;\" allowfullscreen=\"\" loading=\"lazy\" referrerpolicy=\"no-referrer-when-downgrade\"><\/iframe>[\/et_pb_code][et_pb_map address=\u00bbCalle Gran Duque, 3, 38107 Santa Cruz de Tenerife, Espa\u00f1a\u00bb disabled_on=\u00bbon|on|on\u00bb _builder_version=\u00bb4.27.4&#8243; _module_preset=\u00bbdefault\u00bb disabled=\u00bbon\u00bb global_colors_info=\u00bb{}\u00bb theme_builder_area=\u00bbpost_content\u00bb][et_pb_map_pin title=\u00bbElectricidad Tenerife\u00bb _builder_version=\u00bb4.27.4&#8243; _module_preset=\u00bbdefault\u00bb global_colors_info=\u00bb{}\u00bb theme_builder_area=\u00bbpost_content\u00bb]<\/p>\n<p><strong>Electricidad Tenerife S.L.<\/strong><br \/><span class=\"s2\">Avenida Gran Duque, n\u00ba 3<br \/><\/span><span class=\"s2\">LA GALLEGA<br \/>38107 S\/C DE TENERIFE<\/span><\/p>\n<p>Tel\u00e9fono:\u00a0<strong>922 617 101<\/strong><br \/>Fax:\u00a0<strong>922 617 351<\/strong><br \/>M\u00f3vil oficina:\u00a0<strong>649 492 000<\/strong><\/p>\n<p>[\/et_pb_map_pin][\/et_pb_map][\/et_pb_column][et_pb_column type=\u00bb2_5&#8243; _builder_version=\u00bb4.16&#8243; _module_preset=\u00bbdefault\u00bb global_colors_info=\u00bb{}\u00bb theme_builder_area=\u00bbpost_content\u00bb][et_pb_contact_form email=\u00bbmail@electricidadtenerife.com\u00bb success_message=\u00bbGracias por su solicitud, muy pronto nos pondremos en contacto con Usted.\u00bb _builder_version=\u00bb4.27.4&#8243; _unique_id=\u00bb202bdff6-fe55-4084-8dcf-fd0402bde676&#8243; hover_enabled=\u00bb0&#8243; border_radii=\u00bbon|0px|0px|0px|0px\u00bb use_border_color=\u00bboff\u00bb border_color=\u00bb#ffffff\u00bb border_style=\u00bbsolid\u00bb input_border_radius=\u00bb0&#8243; global_colors_info=\u00bb{}\u00bb theme_builder_area=\u00bbpost_content\u00bb sticky_enabled=\u00bb0&#8243;][et_pb_contact_field field_id=\u00bbName\u00bb field_title=\u00bbNombre\u00bb fullwidth_field=\u00bbon\u00bb _builder_version=\u00bb4.16&#8243; global_colors_info=\u00bb{}\u00bb button_text_size__hover_enabled=\u00bboff\u00bb button_one_text_size__hover_enabled=\u00bboff\u00bb button_two_text_size__hover_enabled=\u00bboff\u00bb button_text_color__hover_enabled=\u00bboff\u00bb button_one_text_color__hover_enabled=\u00bboff\u00bb button_two_text_color__hover_enabled=\u00bboff\u00bb button_border_width__hover_enabled=\u00bboff\u00bb button_one_border_width__hover_enabled=\u00bboff\u00bb button_two_border_width__hover_enabled=\u00bboff\u00bb button_border_color__hover_enabled=\u00bboff\u00bb button_one_border_color__hover_enabled=\u00bboff\u00bb button_two_border_color__hover_enabled=\u00bboff\u00bb button_border_radius__hover_enabled=\u00bboff\u00bb button_one_border_radius__hover_enabled=\u00bboff\u00bb button_two_border_radius__hover_enabled=\u00bboff\u00bb button_letter_spacing__hover_enabled=\u00bboff\u00bb button_one_letter_spacing__hover_enabled=\u00bboff\u00bb button_two_letter_spacing__hover_enabled=\u00bboff\u00bb button_bg_color__hover_enabled=\u00bboff\u00bb button_one_bg_color__hover_enabled=\u00bboff\u00bb button_two_bg_color__hover_enabled=\u00bboff\u00bb theme_builder_area=\u00bbpost_content\u00bb][\/et_pb_contact_field][et_pb_contact_field field_id=\u00bbEmail\u00bb field_title=\u00bbDirecci\u00f3n de correo electr\u00f3nico\u00bb field_type=\u00bbemail\u00bb fullwidth_field=\u00bbon\u00bb _builder_version=\u00bb4.16&#8243; global_colors_info=\u00bb{}\u00bb button_text_size__hover_enabled=\u00bboff\u00bb button_one_text_size__hover_enabled=\u00bboff\u00bb button_two_text_size__hover_enabled=\u00bboff\u00bb button_text_color__hover_enabled=\u00bboff\u00bb button_one_text_color__hover_enabled=\u00bboff\u00bb button_two_text_color__hover_enabled=\u00bboff\u00bb button_border_width__hover_enabled=\u00bboff\u00bb button_one_border_width__hover_enabled=\u00bboff\u00bb button_two_border_width__hover_enabled=\u00bboff\u00bb button_border_color__hover_enabled=\u00bboff\u00bb button_one_border_color__hover_enabled=\u00bboff\u00bb button_two_border_color__hover_enabled=\u00bboff\u00bb button_border_radius__hover_enabled=\u00bboff\u00bb button_one_border_radius__hover_enabled=\u00bboff\u00bb button_two_border_radius__hover_enabled=\u00bboff\u00bb button_letter_spacing__hover_enabled=\u00bboff\u00bb button_one_letter_spacing__hover_enabled=\u00bboff\u00bb button_two_letter_spacing__hover_enabled=\u00bboff\u00bb button_bg_color__hover_enabled=\u00bboff\u00bb button_one_bg_color__hover_enabled=\u00bboff\u00bb button_two_bg_color__hover_enabled=\u00bboff\u00bb theme_builder_area=\u00bbpost_content\u00bb][\/et_pb_contact_field][et_pb_contact_field field_id=\u00bbMessage\u00bb field_title=\u00bbMensaje\u00bb field_type=\u00bbtext\u00bb fullwidth_field=\u00bbon\u00bb _builder_version=\u00bb4.16&#8243; global_colors_info=\u00bb{}\u00bb button_text_size__hover_enabled=\u00bboff\u00bb button_one_text_size__hover_enabled=\u00bboff\u00bb button_two_text_size__hover_enabled=\u00bboff\u00bb button_text_color__hover_enabled=\u00bboff\u00bb button_one_text_color__hover_enabled=\u00bboff\u00bb button_two_text_color__hover_enabled=\u00bboff\u00bb button_border_width__hover_enabled=\u00bboff\u00bb button_one_border_width__hover_enabled=\u00bboff\u00bb button_two_border_width__hover_enabled=\u00bboff\u00bb button_border_color__hover_enabled=\u00bboff\u00bb button_one_border_color__hover_enabled=\u00bboff\u00bb button_two_border_color__hover_enabled=\u00bboff\u00bb button_border_radius__hover_enabled=\u00bboff\u00bb button_one_border_radius__hover_enabled=\u00bboff\u00bb button_two_border_radius__hover_enabled=\u00bboff\u00bb button_letter_spacing__hover_enabled=\u00bboff\u00bb button_one_letter_spacing__hover_enabled=\u00bboff\u00bb button_two_letter_spacing__hover_enabled=\u00bboff\u00bb button_bg_color__hover_enabled=\u00bboff\u00bb button_one_bg_color__hover_enabled=\u00bboff\u00bb button_two_bg_color__hover_enabled=\u00bboff\u00bb theme_builder_area=\u00bbpost_content\u00bb][\/et_pb_contact_field][et_pb_contact_field field_id=\u00bbAceptaci\u00f3n\u00bb field_title=\u00bbConozco y acepto la Pol\u00edtica de Privacidad, Aviso legal y Pol\u00edtica de Cookies\u00bb field_type=\u00bbcheckbox\u00bb checkbox_options=\u00bb%91{%22value%22:%22Conozco y acepto la Pol\u00edtica de Privacidad, Aviso legal y Pol\u00edtica de Cookies%22,%22checked%22:0,%22dragID%22:-1}%93&#8243; fullwidth_field=\u00bbon\u00bb conditional_logic=\u00bbon\u00bb conditional_logic_rules=\u00bb%91{%22field%22:%22name%22,%22condition%22:%22is%22,%22value%22:%22%22}%93&#8243; _builder_version=\u00bb4.16&#8243; _module_preset=\u00bbdefault\u00bb global_colors_info=\u00bb{}\u00bb theme_builder_area=\u00bbpost_content\u00bb][\/et_pb_contact_field][\/et_pb_contact_form][\/et_pb_column][\/et_pb_row][et_pb_row column_structure=\u00bb1_2,1_2&#8243; admin_label=\u00bbrow\u00bb _builder_version=\u00bb4.16&#8243; background_size=\u00bbinitial\u00bb background_position=\u00bbtop_left\u00bb background_repeat=\u00bbrepeat\u00bb global_colors_info=\u00bb{}\u00bb theme_builder_area=\u00bbpost_content\u00bb][et_pb_column type=\u00bb1_2&#8243; _builder_version=\u00bb4.16&#8243; custom_padding=\u00bb|||\u00bb global_colors_info=\u00bb{}\u00bb custom_padding__hover=\u00bb|||\u00bb theme_builder_area=\u00bbpost_content\u00bb][et_pb_image src=\u00bbhttps:\/\/electricidadtenerife.com\/wp-content\/uploads\/2024\/12\/Marca-Electricidad-Tenerife-Apilada-1.png\u00bb title_text=\u00bbMarca Electricidad Tenerife Apilada 1&#8243; align=\u00bbcenter\u00bb _builder_version=\u00bb4.27.4&#8243; _module_preset=\u00bbdefault\u00bb width=\u00bb62%\u00bb global_colors_info=\u00bb{}\u00bb theme_builder_area=\u00bbpost_content\u00bb][\/et_pb_image][\/et_pb_column][et_pb_column type=\u00bb1_2&#8243; _builder_version=\u00bb4.16&#8243; custom_padding=\u00bb|||\u00bb global_colors_info=\u00bb{}\u00bb custom_padding__hover=\u00bb|||\u00bb theme_builder_area=\u00bbpost_content\u00bb][et_pb_text _builder_version=\u00bb4.16&#8243; background_size=\u00bbinitial\u00bb background_position=\u00bbtop_left\u00bb background_repeat=\u00bbrepeat\u00bb module_alignment=\u00bbleft\u00bb global_colors_info=\u00bb{}\u00bb theme_builder_area=\u00bbpost_content\u00bb]<\/p>\n<h2>Electricidad Tenerife S.L.<\/h2>\n<p><span class=\"s2\">Avenida Gran Duque, n\u00ba 3<br \/>\n<\/span><span class=\"s2\">LA GALLEGA<br \/>\n38107 S\/C DE TENERIFE<\/span><\/p>\n<p>Tel\u00e9fono: <strong>922 617 101<\/strong><br \/>\nM\u00f3vil oficina:\u00a0<strong>649 492 000<br \/>\n<\/strong>Email:\u00a0<strong><a href=\"mailto:mail@electricidadtenerife.com\">mail@electricidadtenerife.com<\/a><\/strong><\/p>\n<h2><\/h2>\n<p>[\/et_pb_text][\/et_pb_column][\/et_pb_row][et_pb_row column_structure=\u00bb1_3,1_3,1_3&#8243; _builder_version=\u00bb4.16&#8243; background_size=\u00bbinitial\u00bb background_position=\u00bbtop_left\u00bb background_repeat=\u00bbrepeat\u00bb global_colors_info=\u00bb{}\u00bb theme_builder_area=\u00bbpost_content\u00bb][et_pb_column type=\u00bb1_3&#8243; _builder_version=\u00bb4.16&#8243; custom_padding=\u00bb|||\u00bb global_colors_info=\u00bb{}\u00bb custom_padding__hover=\u00bb|||\u00bb theme_builder_area=\u00bbpost_content\u00bb][et_pb_image src=\u00bbhttps:\/\/electricidadtenerife.com\/wp-content\/uploads\/2017\/01\/edificio.jpg\u00bb align_tablet=\u00bbcenter\u00bb align_phone=\u00bb\u00bb align_last_edited=\u00bbon|desktop\u00bb _builder_version=\u00bb4.16&#8243; animation_style=\u00bbslide\u00bb animation_direction=\u00bbleft\u00bb animation_duration=\u00bb500ms\u00bb animation_intensity_slide=\u00bb10%\u00bb use_border_color=\u00bboff\u00bb border_color=\u00bb#ffffff\u00bb border_style=\u00bbsolid\u00bb animation=\u00bbleft\u00bb sticky=\u00bboff\u00bb global_colors_info=\u00bb{}\u00bb theme_builder_area=\u00bbpost_content\u00bb][\/et_pb_image][\/et_pb_column][et_pb_column type=\u00bb1_3&#8243; _builder_version=\u00bb4.16&#8243; custom_padding=\u00bb|||\u00bb global_colors_info=\u00bb{}\u00bb custom_padding__hover=\u00bb|||\u00bb theme_builder_area=\u00bbpost_content\u00bb][et_pb_image src=\u00bbhttps:\/\/electricidadtenerife.com\/wp-content\/uploads\/2017\/01\/oficinas2.jpg\u00bb align_tablet=\u00bbcenter\u00bb align_phone=\u00bb\u00bb align_last_edited=\u00bbon|desktop\u00bb _builder_version=\u00bb4.16&#8243; animation_style=\u00bbslide\u00bb animation_direction=\u00bbleft\u00bb animation_duration=\u00bb500ms\u00bb animation_intensity_slide=\u00bb10%\u00bb use_border_color=\u00bboff\u00bb border_color=\u00bb#ffffff\u00bb border_style=\u00bbsolid\u00bb animation=\u00bbleft\u00bb sticky=\u00bboff\u00bb global_colors_info=\u00bb{}\u00bb theme_builder_area=\u00bbpost_content\u00bb][\/et_pb_image][\/et_pb_column][et_pb_column type=\u00bb1_3&#8243; _builder_version=\u00bb4.16&#8243; custom_padding=\u00bb|||\u00bb global_colors_info=\u00bb{}\u00bb custom_padding__hover=\u00bb|||\u00bb theme_builder_area=\u00bbpost_content\u00bb][et_pb_image src=\u00bbhttps:\/\/electricidadtenerife.com\/wp-content\/uploads\/2017\/01\/oficinas.jpg\u00bb align_tablet=\u00bbcenter\u00bb align_phone=\u00bb\u00bb align_last_edited=\u00bbon|desktop\u00bb _builder_version=\u00bb4.16&#8243; animation_style=\u00bbslide\u00bb animation_direction=\u00bbleft\u00bb animation_duration=\u00bb500ms\u00bb animation_intensity_slide=\u00bb10%\u00bb use_border_color=\u00bboff\u00bb border_color=\u00bb#ffffff\u00bb border_style=\u00bbsolid\u00bb animation=\u00bbleft\u00bb sticky=\u00bboff\u00bb global_colors_info=\u00bb{}\u00bb theme_builder_area=\u00bbpost_content\u00bb][\/et_pb_image][\/et_pb_column][\/et_pb_row][et_pb_row _builder_version=\u00bb4.16&#8243; background_size=\u00bbinitial\u00bb background_position=\u00bbtop_left\u00bb background_repeat=\u00bbrepeat\u00bb global_colors_info=\u00bb{}\u00bb theme_builder_area=\u00bbpost_content\u00bb][et_pb_column type=\u00bb4_4&#8243; _builder_version=\u00bb4.16&#8243; custom_padding=\u00bb|||\u00bb global_colors_info=\u00bb{}\u00bb custom_padding__hover=\u00bb|||\u00bb theme_builder_area=\u00bbpost_content\u00bb][et_pb_divider color=\u00bb#ffffff\u00bb disabled_on=\u00bbon|on|off\u00bb _builder_version=\u00bb4.16&#8243; height=\u00bb25px\u00bb hide_on_mobile=\u00bbon\u00bb global_colors_info=\u00bb{}\u00bb theme_builder_area=\u00bbpost_content\u00bb][\/et_pb_divider][et_pb_text _builder_version=\u00bb4.16&#8243; text_font_size=\u00bb10px\u00bb text_line_height=\u00bb1.3em\u00bb header_2_font=\u00bb|700|on||||||\u00bb header_2_text_color=\u00bb#606060&#8243; header_2_font_size=\u00bb14px\u00bb background_size=\u00bbinitial\u00bb background_position=\u00bbtop_left\u00bb background_repeat=\u00bbrepeat\u00bb text_orientation=\u00bbjustified\u00bb module_alignment=\u00bbleft\u00bb use_border_color=\u00bboff\u00bb border_color=\u00bb#ffffff\u00bb border_style=\u00bbsolid\u00bb global_colors_info=\u00bb{}\u00bb theme_builder_area=\u00bbpost_content\u00bb]<\/p>\n<h2><span class=\"s1\">Protecci\u00f3n de datos<\/span><\/h2>\n<p class=\"p1\"><span class=\"s2\">En cumplimiento de la, se le informa que los datos personales facilitados mediante el env\u00edo de correos electr\u00f3nicos o cualquier otro tipo de solicitud de informaci\u00f3n ser\u00e1n incorporados a un fichero titularidad de Electricidad Tenerife, S.L. con la finalidad de facilitarle la informaci\u00f3n solicitada acerca de nuestros servicios. \u00a0El interesado presta su consentimiento expreso para el tratamiento de sus datos personales y para recibir comunicaciones comerciales sobre nuestros servicios.<\/span><\/p>\n<p class=\"p2\"><span class=\"s3\">Puede ejercer los derechos de acceso, rectificaci\u00f3n, cancelaci\u00f3n y oposici\u00f3n en cualquier momento, mediante escrito, acompa\u00f1ado de copia de documento oficial que le identifique, dirigido a Electricidad Tenerife, S.L. &#8211; Av. Gran Duque n\u00ba 3, 38108 La Gallega, S\/C de Tenerife \u2013 Santa Cruz de Tenerife, Espa\u00f1a.<\/span><\/p>\n<h2>Curr\u00edculos enviados por correo electr\u00f3nico<\/h2>\n<p>Le comunicamos que los datos de curr\u00edculo que nos pueda enviar ser\u00e1n utilizados, con la finalidad de gestionar su participaci\u00f3n en los procesos de selecci\u00f3n de personal del Responsable del Tratamiento Electricidad Tenerife, S.L. En ning\u00fan caso los utilizaremos para otra finalidad, manteni\u00e9ndolos bajo las medidas de seguridad necesarias conforme establece la normativa vigente en materia de Protecci\u00f3n de Datos. Todo en base a su consentimiento expreso.<\/p>\n<p>Mantendremos sus datos personales durante 3 a\u00f1os, a fin de poder utilizarlos en futuros procesos de selecci\u00f3n. Por esa raz\u00f3n, y en cumplimiento del principio de calidad de los datos, le rogamos que en caso de que se produzca alguna modificaci\u00f3n de los mismos nos lo comunique oportunamente.<\/p>\n<p>Igualmente, le recordamos que los datos facilitados deben de ser adecuados, pertinentes y no excesivos para la selecci\u00f3n de personal, por ello, abst\u00e9ngase de incluir informaci\u00f3n no necesaria a su curr\u00edculo, para as\u00ed respetar el principio de calidad de datos.<\/p>\n<p>Ante cualquier incidencia que tenga respecto al tratamiento que realizamos de sus datos personales, usted puede ejercer los derechos de acceso, rectificaci\u00f3n, supresi\u00f3n y portabilidad de sus datos, y la limitaci\u00f3n u oposici\u00f3n a su tratamiento, en cualquier momento, por medio de documento que le identifique, dirigido a Electricidad Tenerife, S.L. &#8211; Av. Gran Duque, N\u00ba 3, La Gallega, 38108 S\/C de Tenerife \u2013 S\/C de Tenerife. E-mail: mail@electricidadtenerife.com. En el caso de no haber obtenido satisfacci\u00f3n en el ejercicio de sus derechos, puede presentar reclamaci\u00f3n ante la Autoridad de Control. M\u00e1s informaci\u00f3n sobre el ejercicio de derechos y\u00a0Protecci\u00f3n de Datos en nuestra p\u00e1gina web www.electricidadtenerife.com<\/p>\n<p>[\/et_pb_text][\/et_pb_column][\/et_pb_row][\/et_pb_section]<\/p>\n","protected":false},"excerpt":{"rendered":"<p>Electricidad Tenerife S.L.Avenida Gran Duque, n\u00ba 3LA GALLEGA38107 S\/C DE TENERIFE Tel\u00e9fono:\u00a0922 617 101Fax:\u00a0922 617 351M\u00f3vil oficina:\u00a0649 492 000Electricidad Tenerife S.L. Avenida Gran Duque, n\u00ba 3 LA GALLEGA 38107 S\/C DE TENERIFE Tel\u00e9fono: 922 617 101 M\u00f3vil oficina:\u00a0649 492 000 Email:\u00a0mail@electricidadtenerife.com Protecci\u00f3n de datos En cumplimiento de la, se le informa que los datos personales [&hellip;]<\/p>\n","protected":false},"author":1,"featured_media":744,"parent":0,"menu_order":0,"comment_status":"closed","ping_status":"closed","template":"","meta":{"_et_pb_use_builder":"on","_et_pb_old_content":"<table style=\"height: 767px;\" width=\"694\" cellspacing=\"0\" cellpadding=\"0\"><tbody><tr><td class=\"td1\" valign=\"middle\">\u00a0<\/td><td class=\"td2\" valign=\"middle\"><p class=\"p2\"><span class=\"s2\"><b>Electricidad Tenerife S.L.<\/b><\/span><\/p><\/td><\/tr><tr><td class=\"td1\" valign=\"middle\">\u00a0<\/td><td class=\"td2\" valign=\"middle\"><p class=\"p2\"><span class=\"s2\">Avenida Gran Duque, n\u00ba 3 <\/span><\/p><p class=\"p2\"><span class=\"s2\">LA GALLEGA \u00b7 38107 S\/C DE TENERIFE<\/span><\/p><\/td><\/tr><tr><td class=\"td1\" valign=\"middle\"><p class=\"p3\"><span class=\"s2\">Tel\u00e9fono:<\/span><\/p><\/td><td class=\"td2\" valign=\"middle\"><p class=\"p2\"><span class=\"s2\">922 617 101<\/span><\/p><\/td><\/tr><tr><td class=\"td1\" valign=\"middle\"><p class=\"p3\"><span class=\"s2\">Fax:<\/span><\/p><\/td><td class=\"td2\" valign=\"middle\"><p class=\"p2\"><span class=\"s2\">922 617 351<\/span><\/p><\/td><\/tr><tr><td class=\"td1\" valign=\"middle\"><p class=\"p3\"><span class=\"s2\">M\u00f3vil oficina:<\/span><\/p><\/td><td class=\"td2\" valign=\"middle\"><p class=\"p2\"><span class=\"s2\">649 492 000<\/span><\/p><\/td><\/tr><tr><td class=\"td1\" valign=\"middle\">\u00a0<\/td><td class=\"td2\" valign=\"middle\">\u00a0<\/td><\/tr><tr><td class=\"td3\" colspan=\"2\" valign=\"middle\">\u00a0<\/td><\/tr><tr><td class=\"td1\" valign=\"middle\">\u00a0<\/td><td class=\"td2\" valign=\"middle\">\u00a0<\/td><\/tr><tr><td class=\"td1\" valign=\"middle\">\u00a0<\/td><td class=\"td2\" valign=\"middle\"><p class=\"p2\"><span class=\"s2\"><b>Nuestras direcciones de email:<\/b><\/span><\/p><\/td><\/tr><tr><td class=\"td1\" valign=\"middle\"><p class=\"p3\"><span class=\"s2\">General:<\/span><\/p><\/td><td class=\"td2\" valign=\"middle\"><p class=\"p5\"><span class=\"s2\"><a href=\"mailto:mail@electricidadtenerife.com\">mail@electricidadtenerife.com<\/a><\/span><\/p><\/td><\/tr><tr><td class=\"td1\" valign=\"middle\"><p class=\"p3\"><span class=\"s2\">Direcci\u00f3n:<\/span><\/p><\/td><td class=\"td2\" valign=\"middle\"><p class=\"p5\"><span class=\"s2\"><a href=\"mailto:ajbeltran@electricidadtenerife.com\">ajbeltran@electricidadtenerife.com<\/a><\/span><\/p><\/td><\/tr><tr><td class=\"td1\" valign=\"middle\"><p class=\"p3\"><span class=\"s2\">Producci\u00f3n:<\/span><\/p><\/td><td class=\"td2\" valign=\"middle\"><p class=\"p5\"><span class=\"s2\"><a href=\"mailto:cristobal@electricidadtenerife.com\">cristobal@electricidadtenerife.com<\/a><\/span><\/p><\/td><\/tr><tr><td class=\"td1\" valign=\"middle\"><p class=\"p3\"><span class=\"s2\">Presupuestos:<\/span><\/p><\/td><td class=\"td2\" valign=\"middle\"><p class=\"p5\"><span class=\"s2\"><a href=\"mailto:presupuestos@electricidadtenerife.com\">presupuestos@electricidadtenerife.com<\/a><\/span><\/p><\/td><\/tr><tr><td class=\"td1\" valign=\"middle\"><p class=\"p3\"><span class=\"s2\">Jefe de Obras:<\/span><\/p><\/td><td class=\"td2\" valign=\"middle\"><p class=\"p5\"><span class=\"s2\"><a href=\"mailto:fjcarreira@electricidadtenerife.com\">fjcarreira@electricidadtenerife.com<\/a><\/span><\/p><\/td><\/tr><tr><td class=\"td1\" valign=\"middle\"><p class=\"p3\"><span class=\"s2\">Jefe de Obras:<\/span><\/p><\/td><td class=\"td2\" valign=\"middle\"><p class=\"p5\"><span class=\"s2\"><a href=\"mailto:zonasur@electricidadtenerife.com\">zonasur@electricidadtenerife.com<\/a><\/span><\/p><\/td><\/tr><tr><td class=\"td1\" valign=\"middle\"><p class=\"p3\"><span class=\"s2\">Almac\u00e9n:<\/span><\/p><\/td><td class=\"td2\" valign=\"middle\"><p class=\"p5\"><span class=\"s2\"><a href=\"mailto:almacen@electricidadtenerife.com\">almacen@electricidadtenerife.com<\/a><\/span><\/p><\/td><\/tr><tr><td class=\"td1\" valign=\"middle\"><p class=\"p3\"><span class=\"s2\">Oficinas:<\/span><\/p><\/td><td class=\"td2\" valign=\"middle\"><p class=\"p5\"><span class=\"s2\"><a href=\"mailto:luiscalero@electricidadtenerife.com\">luiscalero@electricidadtenerife.com<\/a><\/span><\/p><\/td><\/tr><\/tbody><\/table><p>\u00a0<\/p><table cellspacing=\"0\" cellpadding=\"0\"><tbody><tr><td class=\"td1\" valign=\"middle\"><p class=\"p1\"><span class=\"s1\"><b>Protecci\u00f3n de datos<\/b><\/span><\/p><p class=\"p1\"><span class=\"s2\">En cumplimiento de la, se le informa que los datos personales facilitados mediante el env\u00edo de correos electr\u00f3nicos o cualquier otro tipo de solicitud de informaci\u00f3n ser\u00e1n incorporados a un fichero titularidad de Electricidad Tenerife, S.L. con la finalidad de facilitarle la informaci\u00f3n solicitada acerca de nuestros servicios. \u00a0El interesado presta su consentimiento expreso para el tratamiento de sus datos personales y para recibir comunicaciones comerciales sobre nuestros servicios.<\/span><\/p><p class=\"p2\"><span class=\"s3\">Puede ejercer los derechos de acceso, rectificaci\u00f3n, cancelaci\u00f3n y oposici\u00f3n en cualquier momento, mediante escrito, acompa\u00f1ado de copia de documento oficial que le identifique, dirigido a Electricidad Tenerife, S.L. - Av. Gran Duque n\u00ba 3, 38108 La Gallega, S\/C de Tenerife \u2013 Santa Cruz de Tenerife, Espa\u00f1a.<\/span><\/p><\/td><td class=\"td2\" valign=\"middle\">\u00a0<\/td><\/tr><\/tbody><\/table>","_et_gb_content_width":"","footnotes":""},"class_list":["post-67","page","type-page","status-publish","has-post-thumbnail","hentry"],"_links":{"self":[{"href":"https:\/\/electricidadtenerife.com\/index.php?rest_route=\/wp\/v2\/pages\/67","targetHints":{"allow":["GET"]}}],"collection":[{"href":"https:\/\/electricidadtenerife.com\/index.php?rest_route=\/wp\/v2\/pages"}],"about":[{"href":"https:\/\/electricidadtenerife.com\/index.php?rest_route=\/wp\/v2\/types\/page"}],"author":[{"embeddable":true,"href":"https:\/\/electricidadtenerife.com\/index.php?rest_route=\/wp\/v2\/users\/1"}],"replies":[{"embeddable":true,"href":"https:\/\/electricidadtenerife.com\/index.php?rest_route=%2Fwp%2Fv2%2Fcomments&post=67"}],"version-history":[{"count":10,"href":"https:\/\/electricidadtenerife.com\/index.php?rest_route=\/wp\/v2\/pages\/67\/revisions"}],"predecessor-version":[{"id":1023,"href":"https:\/\/electricidadtenerife.com\/index.php?rest_route=\/wp\/v2\/pages\/67\/revisions\/1023"}],"wp:featuredmedia":[{"embeddable":true,"href":"https:\/\/electricidadtenerife.com\/index.php?rest_route=\/wp\/v2\/media\/744"}],"wp:attachment":[{"href":"https:\/\/electricidadtenerife.com\/index.php?rest_route=%2Fwp%2Fv2%2Fmedia&parent=67"}],"curies":[{"name":"wp","href":"https:\/\/api.w.org\/{rel}","templated":true}]}}