{"id":680,"date":"2021-06-04T07:45:17","date_gmt":"2021-06-04T07:45:17","guid":{"rendered":"http:\/\/ecoelte.ymanera.es\/?page_id=680"},"modified":"2021-06-07T13:09:30","modified_gmt":"2021-06-07T13:09:30","slug":"instalaciones-especiales","status":"publish","type":"page","link":"https:\/\/electricidadtenerife.com\/?page_id=680","title":{"rendered":"Instalaciones Especiales"},"content":{"rendered":"<p>[et_pb_section fb_built=\u00bb1&#8243; _builder_version=\u00bb4.9.4&#8243; _module_preset=\u00bbdefault\u00bb][et_pb_row column_structure=\u00bb2_5,3_5&#8243; _builder_version=\u00bb4.9.4&#8243; _module_preset=\u00bbdefault\u00bb][et_pb_column type=\u00bb2_5&#8243; _builder_version=\u00bb4.9.4&#8243; _module_preset=\u00bbdefault\u00bb][et_pb_image src=\u00bbhttps:\/\/electricidadtenerife.com\/wp-content\/uploads\/2021\/06\/elte-domotica.png\u00bb title_text=\u00bbelte-domotica\u00bb _builder_version=\u00bb4.9.4&#8243; _module_preset=\u00bbdefault\u00bb][\/et_pb_image][\/et_pb_column][et_pb_column type=\u00bb3_5&#8243; _builder_version=\u00bb4.9.4&#8243; _module_preset=\u00bbdefault\u00bb][et_pb_text _builder_version=\u00bb4.9.4&#8243; _module_preset=\u00bbdefault\u00bb background_color=\u00bbrgba(128,189,1,0.29)\u00bb custom_padding=\u00bb47px|48px|47px|48px|true|true\u00bb]<\/p>\n<h4><em>Profesionales expertos en instalaciones especiales de:<\/em><\/h4>\n<p>&nbsp;<\/p>\n<ul>\n<li><span class=\"s3\">Dom\u00f3tica<br \/>(Control Inteligente de Instalaciones).<\/span><\/li>\n<\/ul>\n<p>[\/et_pb_text][et_pb_text _builder_version=\u00bb4.9.4&#8243; _module_preset=\u00bbdefault\u00bb hover_enabled=\u00bb0&#8243; sticky_enabled=\u00bb0&#8243;]<\/p>\n<p>Las instalaciones especiales incluyen la <strong>dom\u00f3tica\u00a0<\/strong>o control inteligente de las instalaciones.<\/p>\n<p>Los edificios inteligentes controlan la climatizaci\u00f3n, iluminaci\u00f3n, control de acceso, servicio de vigilancia, p<span>ersianas inteligentes motorizadas y con prioridad a la programaci\u00f3n ambiental lum\u00ednica para ahorrar energ\u00eda y contribuir a la sostenibilidad y el equilibrio entre las necesidades energ\u00e9ticas de uns sociedad cada vez m\u00e1s tecnificada y el medio ambiente\u00a0<\/span><\/p>\n<p><span>Con la instalaci\u00f3n de una central dom\u00f3tica, que incluye una pantalla t\u00e1ctil de control, se pueden a\u00f1adir s<\/span><span><\/span><span>istema contra incendio,<\/span><span>\u00a0de aire acondicionado de d<\/span><span>etecci\u00f3n de inundaci\u00f3n, control de humedad, calefactores, termostato\u00a0y detecci\u00f3n de humo; tr\u00e1iganos su proyecto y estudiaremos la instalaci\u00f3n \u00f3ptima de acuerdo a sus necesidades.<\/span><\/p>\n<ul><\/ul>\n<p>[\/et_pb_text][\/et_pb_column][\/et_pb_row][\/et_pb_section]<\/p>\n","protected":false},"excerpt":{"rendered":"<p>Profesionales expertos en instalaciones especiales de: &nbsp; Dom\u00f3tica(Control Inteligente de Instalaciones). Las instalaciones especiales incluyen la dom\u00f3tica\u00a0o control inteligente de las instalaciones. Los edificios inteligentes controlan la climatizaci\u00f3n, iluminaci\u00f3n, control de acceso, servicio de vigilancia, persianas inteligentes motorizadas y con prioridad a la programaci\u00f3n ambiental lum\u00ednica para ahorrar energ\u00eda y contribuir a la sostenibilidad y [&hellip;]<\/p>\n","protected":false},"author":1,"featured_media":769,"parent":59,"menu_order":0,"comment_status":"closed","ping_status":"closed","template":"","meta":{"_et_pb_use_builder":"on","_et_pb_old_content":"<!-- wp:divi\/placeholder \/-->","_et_gb_content_width":"","footnotes":""},"class_list":["post-680","page","type-page","status-publish","has-post-thumbnail","hentry"],"_links":{"self":[{"href":"https:\/\/electricidadtenerife.com\/index.php?rest_route=\/wp\/v2\/pages\/680","targetHints":{"allow":["GET"]}}],"collection":[{"href":"https:\/\/electricidadtenerife.com\/index.php?rest_route=\/wp\/v2\/pages"}],"about":[{"href":"https:\/\/electricidadtenerife.com\/index.php?rest_route=\/wp\/v2\/types\/page"}],"author":[{"embeddable":true,"href":"https:\/\/electricidadtenerife.com\/index.php?rest_route=\/wp\/v2\/users\/1"}],"replies":[{"embeddable":true,"href":"https:\/\/electricidadtenerife.com\/index.php?rest_route=%2Fwp%2Fv2%2Fcomments&post=680"}],"version-history":[{"count":4,"href":"https:\/\/electricidadtenerife.com\/index.php?rest_route=\/wp\/v2\/pages\/680\/revisions"}],"predecessor-version":[{"id":825,"href":"https:\/\/electricidadtenerife.com\/index.php?rest_route=\/wp\/v2\/pages\/680\/revisions\/825"}],"up":[{"embeddable":true,"href":"https:\/\/electricidadtenerife.com\/index.php?rest_route=\/wp\/v2\/pages\/59"}],"wp:featuredmedia":[{"embeddable":true,"href":"https:\/\/electricidadtenerife.com\/index.php?rest_route=\/wp\/v2\/media\/769"}],"wp:attachment":[{"href":"https:\/\/electricidadtenerife.com\/index.php?rest_route=%2Fwp%2Fv2%2Fmedia&parent=680"}],"curies":[{"name":"wp","href":"https:\/\/api.w.org\/{rel}","templated":true}]}}