{"id":682,"date":"2021-06-04T07:46:14","date_gmt":"2021-06-04T07:46:14","guid":{"rendered":"http:\/\/ecoelte.ymanera.es\/?page_id=682"},"modified":"2021-06-07T12:59:21","modified_gmt":"2021-06-07T12:59:21","slug":"instalacion-de-telecomunicaciones","status":"publish","type":"page","link":"https:\/\/electricidadtenerife.com\/?page_id=682","title":{"rendered":"Instalaci\u00f3n de Telecomunicaciones"},"content":{"rendered":"<p>[et_pb_section fb_built=\u00bb1&#8243; _builder_version=\u00bb4.9.4&#8243; _module_preset=\u00bbdefault\u00bb][et_pb_row column_structure=\u00bb2_5,3_5&#8243; _builder_version=\u00bb4.9.4&#8243; _module_preset=\u00bbdefault\u00bb][et_pb_column type=\u00bb2_5&#8243; _builder_version=\u00bb4.9.4&#8243; _module_preset=\u00bbdefault\u00bb][et_pb_image src=\u00bbhttps:\/\/electricidadtenerife.com\/wp-content\/uploads\/2021\/06\/elte-router.png\u00bb title_text=\u00bbelte-router\u00bb _builder_version=\u00bb4.9.4&#8243; _module_preset=\u00bbdefault\u00bb][\/et_pb_image][\/et_pb_column][et_pb_column type=\u00bb3_5&#8243; _builder_version=\u00bb4.9.4&#8243; _module_preset=\u00bbdefault\u00bb][et_pb_text _builder_version=\u00bb4.9.4&#8243; _module_preset=\u00bbdefault\u00bb background_color=\u00bbrgba(128,189,1,0.29)\u00bb custom_padding=\u00bb47px|48px|47px|48px|true|true\u00bb]<\/p>\n<h4><em>Profesionales expertos en instalaciones de telecomunicaciones:<\/em><\/h4>\n<ul>\n<li class=\"li1\"><span class=\"s1\">Televisi\u00f3n<\/span><\/li>\n<li class=\"li1\"><span class=\"s1\">Telefon\u00eda<\/span><\/li>\n<li class=\"li1\"><span class=\"s1\">Megafon\u00eda<\/span><\/li>\n<li class=\"li1\"><span class=\"s1\">Circuitos Cerrados de Televisi\u00f3n<\/span><\/li>\n<li class=\"li1\"><span class=\"s1\">Redes Inform\u00e1ticas<\/span><\/li>\n<li class=\"li1\"><span class=\"s1\">Certificaci\u00f3n de Redes de Voz y Datos hasta Cat 6<\/span><\/li>\n<\/ul>\n<p>[\/et_pb_text][et_pb_text _builder_version=\u00bb4.9.4&#8243; _module_preset=\u00bbdefault\u00bb hover_enabled=\u00bb0&#8243; sticky_enabled=\u00bb0&#8243;]<\/p>\n<div class=\"et_pb_module et_pb_text et_pb_text_8  et_pb_text_align_left et_pb_bg_layout_light\">\n<div class=\"et_pb_text_inner\">\n<p class=\"txt600\">Las telecomunicaciones de su vivienda o local resultar\u00e1n sencillas contando con nuestra amplia experiencia de a\u00f1os, que resulta en innovaci\u00f3n y aprendizaje continuo, siempre atendiendo a nuestros clientes y encontrando soluciones con la \u00faltima tecnolog\u00eda.<\/p>\n<p class=\"txt600\">Realizamos instalaciones de puntos de <strong>acceso a internet<\/strong>, de WIFI, de VOIP, certificando las redes de voz y datos. Tambi\u00e9n\u00a0puntos de <strong>telefon\u00eda<\/strong>, repetidores de se\u00f1al m\u00f3vil; de sistemas de <strong>videovigilancia\u00a0<\/strong>y circuito cerrado de televisi\u00f3n; de <strong>antenas\u00a0<\/strong>de televisi\u00f3n digital terrestre o sat\u00e9lite y puntos de toma de antena; de <strong>megafon\u00eda e hilo musical<\/strong>.<\/p>\n<p class=\"txt600\">Sea cual sea su necesidad, estudiaremos su proyecto para llevar a cabo toda su instalaci\u00f3n seg\u00fan sus necesidades.<\/p>\n<\/div>\n<\/div>\n<ul><\/ul>\n<p>[\/et_pb_text][\/et_pb_column][\/et_pb_row][\/et_pb_section]<\/p>\n","protected":false},"excerpt":{"rendered":"<p>Profesionales expertos en instalaciones de telecomunicaciones: Televisi\u00f3n Telefon\u00eda Megafon\u00eda Circuitos Cerrados de Televisi\u00f3n Redes Inform\u00e1ticas Certificaci\u00f3n de Redes de Voz y Datos hasta Cat 6 Las telecomunicaciones de su vivienda o local resultar\u00e1n sencillas contando con nuestra amplia experiencia de a\u00f1os, que resulta en innovaci\u00f3n y aprendizaje continuo, siempre atendiendo a nuestros clientes y encontrando [&hellip;]<\/p>\n","protected":false},"author":1,"featured_media":770,"parent":59,"menu_order":0,"comment_status":"closed","ping_status":"closed","template":"","meta":{"_et_pb_use_builder":"on","_et_pb_old_content":"<!-- wp:divi\/placeholder \/-->","_et_gb_content_width":"","footnotes":""},"class_list":["post-682","page","type-page","status-publish","has-post-thumbnail","hentry"],"_links":{"self":[{"href":"https:\/\/electricidadtenerife.com\/index.php?rest_route=\/wp\/v2\/pages\/682","targetHints":{"allow":["GET"]}}],"collection":[{"href":"https:\/\/electricidadtenerife.com\/index.php?rest_route=\/wp\/v2\/pages"}],"about":[{"href":"https:\/\/electricidadtenerife.com\/index.php?rest_route=\/wp\/v2\/types\/page"}],"author":[{"embeddable":true,"href":"https:\/\/electricidadtenerife.com\/index.php?rest_route=\/wp\/v2\/users\/1"}],"replies":[{"embeddable":true,"href":"https:\/\/electricidadtenerife.com\/index.php?rest_route=%2Fwp%2Fv2%2Fcomments&post=682"}],"version-history":[{"count":4,"href":"https:\/\/electricidadtenerife.com\/index.php?rest_route=\/wp\/v2\/pages\/682\/revisions"}],"predecessor-version":[{"id":823,"href":"https:\/\/electricidadtenerife.com\/index.php?rest_route=\/wp\/v2\/pages\/682\/revisions\/823"}],"up":[{"embeddable":true,"href":"https:\/\/electricidadtenerife.com\/index.php?rest_route=\/wp\/v2\/pages\/59"}],"wp:featuredmedia":[{"embeddable":true,"href":"https:\/\/electricidadtenerife.com\/index.php?rest_route=\/wp\/v2\/media\/770"}],"wp:attachment":[{"href":"https:\/\/electricidadtenerife.com\/index.php?rest_route=%2Fwp%2Fv2%2Fmedia&parent=682"}],"curies":[{"name":"wp","href":"https:\/\/api.w.org\/{rel}","templated":true}]}}