{"id":71,"date":"2017-01-02T13:50:37","date_gmt":"2017-01-02T13:50:37","guid":{"rendered":"http:\/\/ecoelte.ymanera.es\/?page_id=71"},"modified":"2021-06-08T07:19:47","modified_gmt":"2021-06-08T07:19:47","slug":"aviso-legal","status":"publish","type":"page","link":"https:\/\/electricidadtenerife.com\/?page_id=71","title":{"rendered":"Aviso Legal"},"content":{"rendered":"<p>[et_pb_section fb_built=\u00bb1&#8243; admin_label=\u00bbsection\u00bb _builder_version=\u00bb3.22&#8243;][et_pb_row admin_label=\u00bbrow\u00bb _builder_version=\u00bb3.25&#8243; background_size=\u00bbinitial\u00bb background_position=\u00bbtop_left\u00bb background_repeat=\u00bbrepeat\u00bb][et_pb_column type=\u00bb4_4&#8243; _builder_version=\u00bb3.25&#8243; custom_padding=\u00bb|||\u00bb custom_padding__hover=\u00bb|||\u00bb][et_pb_text admin_label=\u00bbText\u00bb _builder_version=\u00bb3.27.4&#8243; background_size=\u00bbinitial\u00bb background_position=\u00bbtop_left\u00bb background_repeat=\u00bbrepeat\u00bb]<\/p>\n<p class=\"p1\"><span class=\"s1\"><b>Objeto Social de Electricidad Tenerife, S.L.<\/b><\/span><\/p>\n<p class=\"p2\"><span class=\"s1\">Electricidad Tenerife, S.L. es una mercantil cuyo objeto social es la instalaci\u00f3n el\u00e9ctrica en general y telecomunicaciones.<\/span><\/p>\n<p class=\"p1\"><span class=\"s1\"><b>Identificaci\u00f3n<\/b><\/span><\/p>\n<p class=\"p2\"><span class=\"s1\">En cumplimiento con el deber de informaci\u00f3n recogido en art\u00edculo 10 de la Ley 34\/2002, de 11 de julio, de Servicios de la Sociedad de la Informaci\u00f3n y del Comercio Electr\u00f3nico, los datos aqu\u00ed consignados corresponden a la entidad titular de esta Web www.electricidadtenerife.com<\/span><\/p>\n<ul class=\"ul1\">\n<li class=\"li3\"><span class=\"s1\">Denominaci\u00f3n Social: Electricidad Tenerife, S.L.<\/span><\/li>\n<li class=\"li3\"><span class=\"s1\">CIF: B-38341723<\/span><\/li>\n<li class=\"li3\"><span class=\"s1\">Domicilio: Avenida Gran Duque n\u00ba 3, La Gallega, 38108 S\/C de Tenerife \u2013 S\/C de Tenerife, Espa\u00f1a.<\/span><\/li>\n<li class=\"li3\"><span class=\"s1\">Tel\u00e9fono: 922 617 101<\/span><\/li>\n<li class=\"li3\"><span class=\"s1\">Fax: 922 617 351<\/span><\/li>\n<li class=\"li3\"><span class=\"s1\">Correo electr\u00f3nico de contacto: mail@electricidadtenerife.com<\/span><\/li>\n<\/ul>\n<p class=\"p1\"><span class=\"s1\"><b>Inscripci\u00f3n Registral:<\/b><\/span><\/p>\n<p class=\"p2\"><span class=\"s1\">FECHA: 16 de Febrero de 1996<\/span><\/p>\n<p class=\"p2\"><span class=\"s1\">CIUDAD: Santa Cruz de Tenerife<\/span><\/p>\n<p class=\"p2\"><span class=\"s1\">NOTARIO: Jos\u00e9 Manuel Garc\u00eda Leis<\/span><\/p>\n<p class=\"p2\"><span class=\"s1\">PROTOCOLO: 396<\/span><\/p>\n<p class=\"p2\"><span class=\"s1\">REGISTRO MERCANTIL: Tomo 1052 \u2013 Folio 165 \u2013 Hoja TF-7854<\/span><\/p>\n<p class=\"p1\"><span class=\"s1\"><b>Propiedad industrial<\/b><\/span><\/p>\n<p class=\"p2\"><span class=\"s1\">Todos los derechos de Propiedad Industrial e Intelectual de la totalidad de elementos contenidos en esta Web, incluidas las marcas comerciales, formatos, dise\u00f1os gr\u00e1ficos, textos, im\u00e1genes y documentos, pertenecen a Electricidad Tenerife, S.L. y se encuentran protegidos por las leyes espa\u00f1olas e internacionales sobre propiedad Intelectual e Industrial. Queda expresamente prohibida la reproducci\u00f3n total o parcial de este sitio Web y de cualquiera de sus contenidos sin el permiso expreso y por escrito de Electricidad Tenerife, S.L.<\/span><\/p>\n<p class=\"p2\"><span class=\"s1\">\u00a0<\/span><span class=\"s1\">El acceso al sitio web no implica ning\u00fan tipo de renuncia, transmisi\u00f3n, licencia o cesi\u00f3n de dichos derechos por parte de Electricidad Tenerife, S.L., salvo que se establezca expresamente lo contrario.<\/span><\/p>\n<p class=\"p1\"><span class=\"s1\"><b>Condiciones de uso<\/b><\/span><\/p>\n<p class=\"p2\"><span class=\"s1\">El acceso a este sitio Web implica la aceptaci\u00f3n de estas condiciones de uso sin reservas que regulan el acceso y la utilizaci\u00f3n del mismo con el fin de poner a disposici\u00f3n de los usuarios informaci\u00f3n sobre nuestros servicios de instalaciones el\u00e9ctricas.<\/span><\/p>\n<p class=\"p2\"><span class=\"s1\">Se proh\u00edbe expresamente la utilizaci\u00f3n de los contenidos de este sitio Web para su utilizaci\u00f3n con fines comerciales o para su distribuci\u00f3n, transformaci\u00f3n o comunicaci\u00f3n.<\/span><\/p>\n<p class=\"p2\"><span class=\"s1\">Electricidad Tenerife, S.L., no responder\u00e1 de ninguna consecuencia, da\u00f1o o perjuicio que pudieran derivarse de dicha utilizaci\u00f3n o uso de la informaci\u00f3n.<\/span><\/p>\n<p class=\"p2\"><span class=\"s1\">Tanto el acceso a esta Web como el uso que pueda hacerse de la informaci\u00f3n contenida en la misma\u00a0 es de la exclusiva responsabilidad de quien lo realiza.<\/span><\/p>\n<p class=\"p2\"><span class=\"s1\">\u00a0<\/span><span class=\"s1\">El usuario se obliga a no utilizar la informaci\u00f3n que se publica en esta Web con fines o efectos il\u00edcitos o lesivos, a no da\u00f1ar o inutilizar la informaci\u00f3n y a no realizar cualquier otra acci\u00f3n que puedan ser contraria al contenido de este Aviso Legal.<\/span><\/p>\n<p class=\"p2\"><span class=\"s1\">Electricidad Tenerife, S.L., no puede asegurar la inexistencia de interrupciones o errores en el acceso a este sitio Web, aunque pondr\u00e1 sus mayores esfuerzos para evitarlos.<\/span><\/p>\n<p class=\"p1\"><span class=\"s1\"><b>Cookies<\/b><\/span><\/p>\n<p class=\"p2\"><span class=\"s1\">Esta Web puede utilizar cookies. Las cookies son peque\u00f1as cantidades de informaci\u00f3n que se almacenan en el navegador utilizado por cada usuario para que el servidor recuerde cierta informaci\u00f3n que posteriormente podr\u00e1 utilizar: estad\u00edsticas de acceso, n\u00famero de visitas, \u00faltima visita, p\u00e1ginas visitadas, URL, dominio de procedencia, explorador utilizado, etc.<\/span><\/p>\n<p class=\"p2\"><span class=\"s1\">No obstante, los usuarios que no quieran recibir cookies, quieran eliminarlas o quieran ser informados antes de que se almacenen en su ordenador, pueden desactivar o eliminar estas cookies configurando su navegador de Internet.\u00a0<\/span><\/p>\n<p class=\"p1\"><span class=\"s1\"><b>Modificaci\u00f3n de las presentes condiciones y duraci\u00f3n<\/b><\/span><\/p>\n<p class=\"p2\"><span class=\"s1\">Electricidad Tenerife, S.L. podr\u00e1 modificar en cualquier momento las condiciones aqu\u00ed determinadas, siendo debidamente publicadas como aqu\u00ed aparecen, por sus propios criterios o motivado por la modificaci\u00f3n de legislaci\u00f3n aplicable. La vigencia de las citadas condiciones se aplicar\u00e1 hasta que sean modificadas por otras debidamente publicadas.<\/span><\/p>\n<p class=\"p1\"><span class=\"s1\"><b>Legislaci\u00f3n y jurisdicci\u00f3n<\/b><\/span><\/p>\n<p class=\"p4\"><span class=\"s3\">La legislaci\u00f3n aplicable al contenido del sitio web, ser\u00e1 la espa\u00f1ola y la jurisdicci\u00f3n, la correspondiente a los Juzgados y Tribunales competentes en Espa\u00f1a.<\/span><\/p>\n<p><strong>Curr\u00edculos enviados por correo electr\u00f3nico<\/strong><\/p>\n<p>Le comunicamos que los datos de curr\u00edculo que nos pueda enviar ser\u00e1n utilizados, con la finalidad de gestionar su participaci\u00f3n en los procesos de selecci\u00f3n de personal del Responsable del Tratamiento Electricidad Tenerife, S.L. En ning\u00fan caso los utilizaremos para otra finalidad, manteni\u00e9ndolos bajo las medidas de seguridad necesarias conforme establece la normativa vigente en materia de Protecci\u00f3n de Datos. Todo en base a su consentimiento expreso.<\/p>\n<p>Mantendremos sus datos personales durante 3 a\u00f1os, a fin de poder utilizarlos en futuros procesos de selecci\u00f3n. Por esa raz\u00f3n, y en cumplimiento del principio de calidad de los datos, le rogamos que en caso de que se produzca alguna modificaci\u00f3n de los mismos nos lo comunique oportunamente.<\/p>\n<p>Igualmente, le recordamos que los datos facilitados deben de ser adecuados, pertinentes y no excesivos para la selecci\u00f3n de personal, por ello, abst\u00e9ngase de incluir informaci\u00f3n no necesaria a su curr\u00edculo, para as\u00ed respetar el principio de calidad de datos.<\/p>\n<p>Ante cualquier incidencia que tenga respecto al tratamiento que realizamos de sus datos personales, usted puede ejercer los derechos de acceso, rectificaci\u00f3n, supresi\u00f3n y portabilidad de sus datos, y la limitaci\u00f3n u oposici\u00f3n a su tratamiento, en cualquier momento, por medio de documento que le identifique, dirigido a Electricidad Tenerife, S.L. &#8211; Av. Gran Duque, N\u00ba 3, La Gallega, 38108 S\/C de Tenerife \u2013 S\/C de Tenerife. E-mail: mail@electricidadtenerife.com. En el caso de no haber obtenido satisfacci\u00f3n en el ejercicio de sus derechos, puede presentar reclamaci\u00f3n ante la Autoridad de Control. M\u00e1s informaci\u00f3n sobre el ejercicio de derechos y\u00a0Protecci\u00f3n de Datos en nuestra p\u00e1gina web www.electricidadtenerife.com[\/et_pb_text][\/et_pb_column][\/et_pb_row][\/et_pb_section]<\/p>\n","protected":false},"excerpt":{"rendered":"<p>Objeto Social de Electricidad Tenerife, S.L. Electricidad Tenerife, S.L. es una mercantil cuyo objeto social es la instalaci\u00f3n el\u00e9ctrica en general y telecomunicaciones. Identificaci\u00f3n En cumplimiento con el deber de informaci\u00f3n recogido en art\u00edculo 10 de la Ley 34\/2002, de 11 de julio, de Servicios de la Sociedad de la Informaci\u00f3n y del Comercio Electr\u00f3nico, [&hellip;]<\/p>\n","protected":false},"author":1,"featured_media":725,"parent":0,"menu_order":0,"comment_status":"closed","ping_status":"closed","template":"","meta":{"_et_pb_use_builder":"on","_et_pb_old_content":"<p class=\"p1\"><span class=\"s1\"><b>Objeto Social de Electricidad Tenerife, S.L.<\/b><\/span><\/p>\r\n<p class=\"p2\"><span class=\"s1\">Electricidad Tenerife, S.L. es una mercantil cuyo objeto social es la instalaci\u00f3n el\u00e9ctrica en general y telecomunicaciones.<\/span><\/p>\r\n<p class=\"p1\"><span class=\"s1\"><b>Identificaci\u00f3n<\/b><\/span><\/p>\r\n<p class=\"p2\"><span class=\"s1\">En cumplimiento con el deber de informaci\u00f3n recogido en art\u00edculo 10 de la Ley 34\/2002, de 11 de julio, de Servicios de la Sociedad de la Informaci\u00f3n y del Comercio Electr\u00f3nico, los datos aqu\u00ed consignados corresponden a la entidad titular de esta Web www.electricidadtenerife.com<\/span><\/p>\r\n\r\n<ul class=\"ul1\">\r\n \t<li class=\"li3\"><span class=\"s1\">Denominaci\u00f3n Social: Electricidad Tenerife, S.L.<\/span><\/li>\r\n \t<li class=\"li3\"><span class=\"s1\">CIF: B-38341723<\/span><\/li>\r\n \t<li class=\"li3\"><span class=\"s1\">Domicilio: Avenida Gran Duque n\u00ba 3, La Gallega, 38108 S\/C de Tenerife \u2013 S\/C de Tenerife, Espa\u00f1a.<\/span><\/li>\r\n \t<li class=\"li3\"><span class=\"s1\">Tel\u00e9fono: 922 617 101<\/span><\/li>\r\n \t<li class=\"li3\"><span class=\"s1\">Fax: 922 617 351<\/span><\/li>\r\n \t<li class=\"li3\"><span class=\"s1\">Correo electr\u00f3nico de contacto: mail@electricidadtenerife.com<\/span><\/li>\r\n<\/ul>\r\n<p class=\"p1\"><span class=\"s1\"><b>Inscripci\u00f3n Registral:<\/b><\/span><\/p>\r\n<p class=\"p2\"><span class=\"s1\">FECHA: 16 de Febrero de 1996<\/span><\/p>\r\n<p class=\"p2\"><span class=\"s1\">CIUDAD: Santa Cruz de Tenerife<\/span><\/p>\r\n<p class=\"p2\"><span class=\"s1\">NOTARIO: Jos\u00e9 Manuel Garc\u00eda Leis<\/span><\/p>\r\n<p class=\"p2\"><span class=\"s1\">PROTOCOLO: 396<\/span><\/p>\r\n<p class=\"p2\"><span class=\"s1\">REGISTRO MERCANTIL: Tomo 1052 \u2013 Folio 165 \u2013 Hoja TF-7854<\/span><\/p>\r\n<p class=\"p1\"><span class=\"s1\"><b>Propiedad industrial<\/b><\/span><\/p>\r\n<p class=\"p2\"><span class=\"s1\">Todos los derechos de Propiedad Industrial e Intelectual de la totalidad de elementos contenidos en esta Web, incluidas las marcas comerciales, formatos, dise\u00f1os gr\u00e1ficos, textos, im\u00e1genes y documentos, pertenecen a Electricidad Tenerife, S.L. y se encuentran protegidos por las leyes espa\u00f1olas e internacionales sobre propiedad Intelectual e Industrial. Queda expresamente prohibida la reproducci\u00f3n total o parcial de este sitio Web y de cualquiera de sus contenidos sin el permiso expreso y por escrito de Electricidad Tenerife, S.L.<\/span><\/p>\r\n<p class=\"p2\"><span class=\"s1\">\u00a0<\/span><span class=\"s1\">El acceso al sitio web no implica ning\u00fan tipo de renuncia, transmisi\u00f3n, licencia o cesi\u00f3n de dichos derechos por parte de Electricidad Tenerife, S.L., salvo que se establezca expresamente lo contrario.<\/span><\/p>\r\n<p class=\"p1\"><span class=\"s1\"><b>Condiciones de uso<\/b><\/span><\/p>\r\n<p class=\"p2\"><span class=\"s1\">El acceso a este sitio Web implica la aceptaci\u00f3n de estas condiciones de uso sin reservas que regulan el acceso y la utilizaci\u00f3n del mismo con el fin de poner a disposici\u00f3n de los usuarios informaci\u00f3n sobre nuestros servicios de instalaciones el\u00e9ctricas.<\/span><\/p>\r\n<p class=\"p2\"><span class=\"s1\">Se proh\u00edbe expresamente la utilizaci\u00f3n de los contenidos de este sitio Web para su utilizaci\u00f3n con fines comerciales o para su distribuci\u00f3n, transformaci\u00f3n o comunicaci\u00f3n.<\/span><\/p>\r\n<p class=\"p2\"><span class=\"s1\">Electricidad Tenerife, S.L., no responder\u00e1 de ninguna consecuencia, da\u00f1o o perjuicio que pudieran derivarse de dicha utilizaci\u00f3n o uso de la informaci\u00f3n.<\/span><\/p>\r\n<p class=\"p2\"><span class=\"s1\">Tanto el acceso a esta Web como el uso que pueda hacerse de la informaci\u00f3n contenida en la misma\u00a0 es de la exclusiva responsabilidad de quien lo realiza.<\/span><\/p>\r\n<p class=\"p2\"><span class=\"s1\">\u00a0<\/span><span class=\"s1\">El usuario se obliga a no utilizar la informaci\u00f3n que se publica en esta Web con fines o efectos il\u00edcitos o lesivos, a no da\u00f1ar o inutilizar la informaci\u00f3n y a no realizar cualquier otra acci\u00f3n que puedan ser contraria al contenido de este Aviso Legal.<\/span><\/p>\r\n<p class=\"p2\"><span class=\"s1\">Electricidad Tenerife, S.L., no puede asegurar la inexistencia de interrupciones o errores en el acceso a este sitio Web, aunque pondr\u00e1 sus mayores esfuerzos para evitarlos.<\/span><\/p>\r\n<p class=\"p1\"><span class=\"s1\"><b>Cookies<\/b><\/span><\/p>\r\n<p class=\"p2\"><span class=\"s1\">Esta Web puede utilizar cookies. Las cookies son peque\u00f1as cantidades de informaci\u00f3n que se almacenan en el navegador utilizado por cada usuario para que el servidor recuerde cierta informaci\u00f3n que posteriormente podr\u00e1 utilizar: estad\u00edsticas de acceso, n\u00famero de visitas, \u00faltima visita, p\u00e1ginas visitadas, URL, dominio de procedencia, explorador utilizado, etc.<\/span><\/p>\r\n<p class=\"p2\"><span class=\"s1\">No obstante, los usuarios que no quieran recibir cookies, quieran eliminarlas o quieran ser informados antes de que se almacenen en su ordenador, pueden desactivar o eliminar estas cookies configurando su navegador de Internet.\u00a0<\/span><\/p>\r\n<p class=\"p1\"><span class=\"s1\"><b>Modificaci\u00f3n de las presentes condiciones y duraci\u00f3n<\/b><\/span><\/p>\r\n<p class=\"p2\"><span class=\"s1\">Electricidad Tenerife, S.L. podr\u00e1 modificar en cualquier momento las condiciones aqu\u00ed determinadas, siendo debidamente publicadas como aqu\u00ed aparecen, por sus propios criterios o motivado por la modificaci\u00f3n de legislaci\u00f3n aplicable. La vigencia de las citadas condiciones se aplicar\u00e1 hasta que sean modificadas por otras debidamente publicadas.<\/span><\/p>\r\n<p class=\"p1\"><span class=\"s1\"><b>Legislaci\u00f3n y jurisdicci\u00f3n<\/b><\/span><\/p>\r\n<p class=\"p4\"><span class=\"s3\">La legislaci\u00f3n aplicable al contenido del sitio web, ser\u00e1 la espa\u00f1ola y la jurisdicci\u00f3n, la correspondiente a los Juzgados y Tribunales competentes en Espa\u00f1a.<\/span><\/p>\r\n<strong>Curr\u00edculos enviados por correo electr\u00f3nico<\/strong>\r\n\r\nLe comunicamos que los datos de curr\u00edculo que nos pueda enviar ser\u00e1n utilizados, con la finalidad de gestionar su participaci\u00f3n en los procesos de selecci\u00f3n de personal del Responsable del Tratamiento Electricidad Tenerife, S.L. En ning\u00fan caso los utilizaremos para otra finalidad, manteni\u00e9ndolos bajo las medidas de seguridad necesarias conforme establece la normativa vigente en materia de Protecci\u00f3n de Datos. Todo en base a su consentimiento expreso.\r\n\r\nMantendremos sus datos personales durante 3 a\u00f1os, a fin de poder utilizarlos en futuros procesos de selecci\u00f3n. Por esa raz\u00f3n, y en cumplimiento del principio de calidad de los datos, le rogamos que en caso de que se produzca alguna modificaci\u00f3n de los mismos nos lo comunique oportunamente.\r\n\r\nIgualmente, le recordamos que los datos facilitados deben de ser adecuados, pertinentes y no excesivos para la selecci\u00f3n de personal, por ello, abst\u00e9ngase de incluir informaci\u00f3n no necesaria a su curr\u00edculo, para as\u00ed respetar el principio de calidad de datos.\r\n\r\nAnte cualquier incidencia que tenga respecto al tratamiento que realizamos de sus datos personales, usted puede ejercer los derechos de acceso, rectificaci\u00f3n, supresi\u00f3n y portabilidad de sus datos, y la limitaci\u00f3n u oposici\u00f3n a su tratamiento, en cualquier momento, por medio de documento que le identifique, dirigido a Electricidad Tenerife, S.L. - Av. Gran Duque, N\u00ba 3, La Gallega, 38108 S\/C de Tenerife \u2013 S\/C de Tenerife. E-mail: mail@electricidadtenerife.com. En el caso de no haber obtenido satisfacci\u00f3n en el ejercicio de sus derechos, puede presentar reclamaci\u00f3n ante la Autoridad de Control. M\u00e1s informaci\u00f3n sobre el ejercicio de derechos y\u00a0Protecci\u00f3n de Datos en nuestra p\u00e1gina web www.electricidadtenerife.com","_et_gb_content_width":"","footnotes":""},"class_list":["post-71","page","type-page","status-publish","has-post-thumbnail","hentry"],"_links":{"self":[{"href":"https:\/\/electricidadtenerife.com\/index.php?rest_route=\/wp\/v2\/pages\/71","targetHints":{"allow":["GET"]}}],"collection":[{"href":"https:\/\/electricidadtenerife.com\/index.php?rest_route=\/wp\/v2\/pages"}],"about":[{"href":"https:\/\/electricidadtenerife.com\/index.php?rest_route=\/wp\/v2\/types\/page"}],"author":[{"embeddable":true,"href":"https:\/\/electricidadtenerife.com\/index.php?rest_route=\/wp\/v2\/users\/1"}],"replies":[{"embeddable":true,"href":"https:\/\/electricidadtenerife.com\/index.php?rest_route=%2Fwp%2Fv2%2Fcomments&post=71"}],"version-history":[{"count":4,"href":"https:\/\/electricidadtenerife.com\/index.php?rest_route=\/wp\/v2\/pages\/71\/revisions"}],"predecessor-version":[{"id":833,"href":"https:\/\/electricidadtenerife.com\/index.php?rest_route=\/wp\/v2\/pages\/71\/revisions\/833"}],"wp:featuredmedia":[{"embeddable":true,"href":"https:\/\/electricidadtenerife.com\/index.php?rest_route=\/wp\/v2\/media\/725"}],"wp:attachment":[{"href":"https:\/\/electricidadtenerife.com\/index.php?rest_route=%2Fwp%2Fv2%2Fmedia&parent=71"}],"curies":[{"name":"wp","href":"https:\/\/api.w.org\/{rel}","templated":true}]}}